




{"id":75930,"date":"2022-03-23T10:48:16","date_gmt":"2022-03-23T09:48:16","guid":{"rendered":"https:\/\/metauxexpress.fr\/?page_id=75930"},"modified":"2022-03-23T11:07:46","modified_gmt":"2022-03-23T10:07:46","slug":"negoce","status":"publish","type":"page","link":"https:\/\/metauxexpress.fr\/index.php\/services\/negoce\/","title":{"rendered":"N\u00e9goce"},"content":{"rendered":"<p>[vc_row css=\u00a0\u00bb.vc_custom_1433128525365{margin-top: 0px !important;margin-bottom: 40px !important;}\u00a0\u00bb][vc_column][vc_custom_heading text=\u00a0\u00bbNEGOCE\u00a0\u00bb font_container=\u00a0\u00bbtag:h2|font_size:20|text_align:left\u00a0\u00bb el_class=\u00a0\u00bbheading-title-3&Prime;][vc_column_text]Le service commercial de M\u00e9taux Express saura parfaitement r\u00e9pondre \u00e0 vos besoins de m\u00e9taux sp\u00e9cifiques et techniques en fonction de :<\/p>\n<ul class=\"listing\">\n<li><i class=\"fa fa-check\"><\/i>La qualit\u00e9.<\/li>\n<li><i class=\"fa fa-check\"><\/i>La provenance.<\/li>\n<li><i class=\"fa fa-check\"><\/i>La n\u00e9cessit\u00e9 de CCPU.<\/li>\n<\/ul>\n<p>[\/vc_column_text][\/vc_column][\/vc_row][vc_row el_class=\u00a0\u00bbintro4 align-center\u00a0\u00bb full_width=\u00a0\u00bbstretch_row_content\u00a0\u00bb css=\u00a0\u00bb.vc_custom_1644245006924{background-color: #1b273d !important;}\u00a0\u00bb][vc_column width=\u00a0\u00bb2\/3&Prime;][vc_custom_heading text=\u00a0\u00bbVous cherchez un service de qualit\u00e9 pour votre projet ?\u00a0\u00bb font_container=\u00a0\u00bbtag:h3|font_size:22|text_align:center|color:%23ffffff\u00a0\u00bb][\/vc_column][vc_column width=\u00a0\u00bb1\/3&Prime;][vc_btn title=\u00a0\u00bbDEMANDER UN DEVIS\u00a0\u00bb style=\u00a0\u00bboutline\u00a0\u00bb shape=\u00a0\u00bbsquare\u00a0\u00bb color=\u00a0\u00bbwhite\u00a0\u00bb link=\u00a0\u00bburl:https%3A%2F%2Fmetauxexpress.fr%2Findex.php%2Fdemandez-un-devis%2F|title:Demandez%20un%20Devis\u00a0\u00bb][\/vc_column][\/vc_row]<\/p>\n","protected":false},"excerpt":{"rendered":"<p>[vc_row css=\u00a0\u00bb.vc_custom_1433128525365{margin-top: 0px !important;margin-bottom: 40px !important;}\u00a0\u00bb][vc_column][vc_custom_heading text=\u00a0\u00bbNEGOCE\u00a0\u00bb font_container=\u00a0\u00bbtag:h2|font_size:20|text_align:left\u00a0\u00bb el_class=\u00a0\u00bbheading-title-3&Prime;][vc_column_text]Le service commercial de M\u00e9taux Express saura parfaitement r\u00e9pondre \u00e0 vos besoins de m\u00e9taux sp\u00e9cifiques et techniques en fonction de : La qualit\u00e9. La provenance. La n\u00e9cessit\u00e9 de CCPU. [\/vc_column_text][\/vc_column][\/vc_row][vc_row el_class=\u00a0\u00bbintro4 align-center\u00a0\u00bb full_width=\u00a0\u00bbstretch_row_content\u00a0\u00bb css=\u00a0\u00bb.vc_custom_1644245006924{background-color: #1b273d !important;}\u00a0\u00bb][vc_column width=\u00a0\u00bb2\/3&Prime;][vc_custom_heading text=\u00a0\u00bbVous cherchez un service de qualit\u00e9 pour votre projet ?\u00a0\u00bb [&hellip;]<\/p>\n","protected":false},"author":1,"featured_media":75571,"parent":59,"menu_order":0,"comment_status":"closed","ping_status":"closed","template":"","meta":{"footnotes":""},"class_list":["post-75930","page","type-page","status-publish","has-post-thumbnail","hentry"],"yoast_head":"<!-- This site is optimized with the Yoast SEO plugin v27.3 - https:\/\/yoast.com\/product\/yoast-seo-wordpress\/ -->\n<title>N\u00e9goce - M\u00e9taux express<\/title>\n<meta name=\"description\" content=\"L&#039;activit\u00e9 principale de la soci\u00e9t\u00e9 M\u00e9taux Express est la galvanisation \u00e0 chaud. Nous galvanisons toute sorte de produits finis en haut de France, r\u00e9gions Nord-pas-de-calais, Picardie et Paris.\" \/>\n<meta name=\"robots\" content=\"index, follow, max-snippet:-1, max-image-preview:large, max-video-preview:-1\" \/>\n<link rel=\"canonical\" href=\"https:\/\/metauxexpress.fr\/index.php\/services\/negoce\/\" \/>\n<meta property=\"og:locale\" content=\"fr_FR\" \/>\n<meta property=\"og:type\" content=\"article\" \/>\n<meta property=\"og:title\" content=\"N\u00e9goce - M\u00e9taux express\" \/>\n<meta property=\"og:description\" content=\"L&#039;activit\u00e9 principale de la soci\u00e9t\u00e9 M\u00e9taux Express est la galvanisation \u00e0 chaud. Nous galvanisons toute sorte de produits finis en haut de France, r\u00e9gions Nord-pas-de-calais, Picardie et Paris.\" \/>\n<meta property=\"og:url\" content=\"https:\/\/metauxexpress.fr\/index.php\/services\/negoce\/\" \/>\n<meta property=\"og:site_name\" content=\"M\u00e9taux express\" \/>\n<meta property=\"article:modified_time\" content=\"2022-03-23T10:07:46+00:00\" \/>\n<meta property=\"og:image\" content=\"https:\/\/metauxexpress.fr\/wp-content\/uploads\/2022\/02\/iron-steel-material-storage-1024x682.jpg\" \/>\n\t<meta property=\"og:image:width\" content=\"1024\" \/>\n\t<meta property=\"og:image:height\" content=\"682\" \/>\n\t<meta property=\"og:image:type\" content=\"image\/jpeg\" \/>\n<meta name=\"twitter:card\" content=\"summary_large_image\" \/>\n<meta name=\"twitter:label1\" content=\"Dur\u00e9e de lecture estim\u00e9e\" \/>\n\t<meta name=\"twitter:data1\" content=\"2 minutes\" \/>\n<script type=\"application\/ld+json\" class=\"yoast-schema-graph\">{\"@context\":\"https:\\\/\\\/schema.org\",\"@graph\":[{\"@type\":\"WebPage\",\"@id\":\"https:\\\/\\\/metauxexpress.fr\\\/index.php\\\/services\\\/negoce\\\/\",\"url\":\"https:\\\/\\\/metauxexpress.fr\\\/index.php\\\/services\\\/negoce\\\/\",\"name\":\"N\u00e9goce - M\u00e9taux express\",\"isPartOf\":{\"@id\":\"https:\\\/\\\/metauxexpress.fr\\\/#website\"},\"primaryImageOfPage\":{\"@id\":\"https:\\\/\\\/metauxexpress.fr\\\/index.php\\\/services\\\/negoce\\\/#primaryimage\"},\"image\":{\"@id\":\"https:\\\/\\\/metauxexpress.fr\\\/index.php\\\/services\\\/negoce\\\/#primaryimage\"},\"thumbnailUrl\":\"https:\\\/\\\/metauxexpress.fr\\\/wp-content\\\/uploads\\\/2022\\\/02\\\/iron-steel-material-storage.jpg\",\"datePublished\":\"2022-03-23T09:48:16+00:00\",\"dateModified\":\"2022-03-23T10:07:46+00:00\",\"description\":\"L'activit\u00e9 principale de la soci\u00e9t\u00e9 M\u00e9taux Express est la galvanisation \u00e0 chaud. Nous galvanisons toute sorte de produits finis en haut de France, r\u00e9gions Nord-pas-de-calais, Picardie et Paris.\",\"breadcrumb\":{\"@id\":\"https:\\\/\\\/metauxexpress.fr\\\/index.php\\\/services\\\/negoce\\\/#breadcrumb\"},\"inLanguage\":\"fr-FR\",\"potentialAction\":[{\"@type\":\"ReadAction\",\"target\":[\"https:\\\/\\\/metauxexpress.fr\\\/index.php\\\/services\\\/negoce\\\/\"]}]},{\"@type\":\"ImageObject\",\"inLanguage\":\"fr-FR\",\"@id\":\"https:\\\/\\\/metauxexpress.fr\\\/index.php\\\/services\\\/negoce\\\/#primaryimage\",\"url\":\"https:\\\/\\\/metauxexpress.fr\\\/wp-content\\\/uploads\\\/2022\\\/02\\\/iron-steel-material-storage.jpg\",\"contentUrl\":\"https:\\\/\\\/metauxexpress.fr\\\/wp-content\\\/uploads\\\/2022\\\/02\\\/iron-steel-material-storage.jpg\",\"width\":2000,\"height\":1333},{\"@type\":\"BreadcrumbList\",\"@id\":\"https:\\\/\\\/metauxexpress.fr\\\/index.php\\\/services\\\/negoce\\\/#breadcrumb\",\"itemListElement\":[{\"@type\":\"ListItem\",\"position\":1,\"name\":\"Accueil\",\"item\":\"https:\\\/\\\/metauxexpress.fr\\\/\"},{\"@type\":\"ListItem\",\"position\":2,\"name\":\"Services\",\"item\":\"https:\\\/\\\/metauxexpress.fr\\\/index.php\\\/services\\\/\"},{\"@type\":\"ListItem\",\"position\":3,\"name\":\"N\u00e9goce\"}]},{\"@type\":\"WebSite\",\"@id\":\"https:\\\/\\\/metauxexpress.fr\\\/#website\",\"url\":\"https:\\\/\\\/metauxexpress.fr\\\/\",\"name\":\"M\u00e9taux express\",\"description\":\"Galvanisation et Transport de Marchandises\",\"potentialAction\":[{\"@type\":\"SearchAction\",\"target\":{\"@type\":\"EntryPoint\",\"urlTemplate\":\"https:\\\/\\\/metauxexpress.fr\\\/?s={search_term_string}\"},\"query-input\":{\"@type\":\"PropertyValueSpecification\",\"valueRequired\":true,\"valueName\":\"search_term_string\"}}],\"inLanguage\":\"fr-FR\"}]}<\/script>\n<!-- \/ Yoast SEO plugin. -->","yoast_head_json":{"title":"N\u00e9goce - M\u00e9taux express","description":"L'activit\u00e9 principale de la soci\u00e9t\u00e9 M\u00e9taux Express est la galvanisation \u00e0 chaud. Nous galvanisons toute sorte de produits finis en haut de France, r\u00e9gions Nord-pas-de-calais, Picardie et Paris.","robots":{"index":"index","follow":"follow","max-snippet":"max-snippet:-1","max-image-preview":"max-image-preview:large","max-video-preview":"max-video-preview:-1"},"canonical":"https:\/\/metauxexpress.fr\/index.php\/services\/negoce\/","og_locale":"fr_FR","og_type":"article","og_title":"N\u00e9goce - M\u00e9taux express","og_description":"L'activit\u00e9 principale de la soci\u00e9t\u00e9 M\u00e9taux Express est la galvanisation \u00e0 chaud. Nous galvanisons toute sorte de produits finis en haut de France, r\u00e9gions Nord-pas-de-calais, Picardie et Paris.","og_url":"https:\/\/metauxexpress.fr\/index.php\/services\/negoce\/","og_site_name":"M\u00e9taux express","article_modified_time":"2022-03-23T10:07:46+00:00","og_image":[{"width":1024,"height":682,"url":"https:\/\/metauxexpress.fr\/wp-content\/uploads\/2022\/02\/iron-steel-material-storage-1024x682.jpg","type":"image\/jpeg"}],"twitter_card":"summary_large_image","twitter_misc":{"Dur\u00e9e de lecture estim\u00e9e":"2 minutes"},"schema":{"@context":"https:\/\/schema.org","@graph":[{"@type":"WebPage","@id":"https:\/\/metauxexpress.fr\/index.php\/services\/negoce\/","url":"https:\/\/metauxexpress.fr\/index.php\/services\/negoce\/","name":"N\u00e9goce - M\u00e9taux express","isPartOf":{"@id":"https:\/\/metauxexpress.fr\/#website"},"primaryImageOfPage":{"@id":"https:\/\/metauxexpress.fr\/index.php\/services\/negoce\/#primaryimage"},"image":{"@id":"https:\/\/metauxexpress.fr\/index.php\/services\/negoce\/#primaryimage"},"thumbnailUrl":"https:\/\/metauxexpress.fr\/wp-content\/uploads\/2022\/02\/iron-steel-material-storage.jpg","datePublished":"2022-03-23T09:48:16+00:00","dateModified":"2022-03-23T10:07:46+00:00","description":"L'activit\u00e9 principale de la soci\u00e9t\u00e9 M\u00e9taux Express est la galvanisation \u00e0 chaud. Nous galvanisons toute sorte de produits finis en haut de France, r\u00e9gions Nord-pas-de-calais, Picardie et Paris.","breadcrumb":{"@id":"https:\/\/metauxexpress.fr\/index.php\/services\/negoce\/#breadcrumb"},"inLanguage":"fr-FR","potentialAction":[{"@type":"ReadAction","target":["https:\/\/metauxexpress.fr\/index.php\/services\/negoce\/"]}]},{"@type":"ImageObject","inLanguage":"fr-FR","@id":"https:\/\/metauxexpress.fr\/index.php\/services\/negoce\/#primaryimage","url":"https:\/\/metauxexpress.fr\/wp-content\/uploads\/2022\/02\/iron-steel-material-storage.jpg","contentUrl":"https:\/\/metauxexpress.fr\/wp-content\/uploads\/2022\/02\/iron-steel-material-storage.jpg","width":2000,"height":1333},{"@type":"BreadcrumbList","@id":"https:\/\/metauxexpress.fr\/index.php\/services\/negoce\/#breadcrumb","itemListElement":[{"@type":"ListItem","position":1,"name":"Accueil","item":"https:\/\/metauxexpress.fr\/"},{"@type":"ListItem","position":2,"name":"Services","item":"https:\/\/metauxexpress.fr\/index.php\/services\/"},{"@type":"ListItem","position":3,"name":"N\u00e9goce"}]},{"@type":"WebSite","@id":"https:\/\/metauxexpress.fr\/#website","url":"https:\/\/metauxexpress.fr\/","name":"M\u00e9taux express","description":"Galvanisation et Transport de Marchandises","potentialAction":[{"@type":"SearchAction","target":{"@type":"EntryPoint","urlTemplate":"https:\/\/metauxexpress.fr\/?s={search_term_string}"},"query-input":{"@type":"PropertyValueSpecification","valueRequired":true,"valueName":"search_term_string"}}],"inLanguage":"fr-FR"}]}},"_links":{"self":[{"href":"https:\/\/metauxexpress.fr\/index.php\/wp-json\/wp\/v2\/pages\/75930","targetHints":{"allow":["GET"]}}],"collection":[{"href":"https:\/\/metauxexpress.fr\/index.php\/wp-json\/wp\/v2\/pages"}],"about":[{"href":"https:\/\/metauxexpress.fr\/index.php\/wp-json\/wp\/v2\/types\/page"}],"author":[{"embeddable":true,"href":"https:\/\/metauxexpress.fr\/index.php\/wp-json\/wp\/v2\/users\/1"}],"replies":[{"embeddable":true,"href":"https:\/\/metauxexpress.fr\/index.php\/wp-json\/wp\/v2\/comments?post=75930"}],"version-history":[{"count":6,"href":"https:\/\/metauxexpress.fr\/index.php\/wp-json\/wp\/v2\/pages\/75930\/revisions"}],"predecessor-version":[{"id":75937,"href":"https:\/\/metauxexpress.fr\/index.php\/wp-json\/wp\/v2\/pages\/75930\/revisions\/75937"}],"up":[{"embeddable":true,"href":"https:\/\/metauxexpress.fr\/index.php\/wp-json\/wp\/v2\/pages\/59"}],"wp:featuredmedia":[{"embeddable":true,"href":"https:\/\/metauxexpress.fr\/index.php\/wp-json\/wp\/v2\/media\/75571"}],"wp:attachment":[{"href":"https:\/\/metauxexpress.fr\/index.php\/wp-json\/wp\/v2\/media?parent=75930"}],"curies":[{"name":"wp","href":"https:\/\/api.w.org\/{rel}","templated":true}]}}