




{"id":75748,"date":"2022-03-09T12:48:45","date_gmt":"2022-03-09T11:48:45","guid":{"rendered":"https:\/\/metauxexpress.fr\/?page_id=75748"},"modified":"2022-03-22T15:46:07","modified_gmt":"2022-03-22T14:46:07","slug":"demandez-un-devis","status":"publish","type":"page","link":"https:\/\/metauxexpress.fr\/index.php\/demandez-un-devis\/","title":{"rendered":"Demandez un Devis"},"content":{"rendered":"<p>[vc_row][vc_column width=\u00a0\u00bb1\/2&Prime;][vc_custom_heading text=\u00a0\u00bbDevis de transport\u00a0\u00bb font_container=\u00a0\u00bbtag:h2|font_size:20|text_align:left\u00a0\u00bb el_class=\u00a0\u00bbheading-title-3&Prime;][vc_column_text]Pour obtenir un devis de transport calcul\u00e9 en fonction de vos besoins, merci de remplir avec pr\u00e9cision ce formulaire.[\/vc_column_text][vc_empty_space height=\u00a0\u00bb30&Prime;][vc_raw_html]JTVCZm9ybWlkYWJsZSUyMGlkJTNEMyU1RA==[\/vc_raw_html][\/vc_column][vc_column width=\u00a0\u00bb1\/2&Prime;][vc_custom_heading text=\u00a0\u00bbDevis de traitement de surface\u00a0\u00bb font_container=\u00a0\u00bbtag:h2|font_size:20|text_align:left\u00a0\u00bb el_class=\u00a0\u00bbheading-title-3&Prime;][vc_column_text]Merci de remplir ce formulaire pour demander un devis de traitement de surface calcul\u00e9 en fonction de vos besoins.[\/vc_column_text][vc_empty_space height=\u00a0\u00bb30&Prime;][vc_raw_html]JTVCZm9ybWlkYWJsZSUyMGlkJTNENCU1RA==[\/vc_raw_html][\/vc_column][\/vc_row]<\/p>\n","protected":false},"excerpt":{"rendered":"<p>[vc_row][vc_column width=\u00a0\u00bb1\/2&Prime;][vc_custom_heading text=\u00a0\u00bbDevis de transport\u00a0\u00bb font_container=\u00a0\u00bbtag:h2|font_size:20|text_align:left\u00a0\u00bb el_class=\u00a0\u00bbheading-title-3&Prime;][vc_column_text]Pour obtenir un devis de transport calcul\u00e9 en fonction de vos besoins, merci de remplir avec pr\u00e9cision ce formulaire.[\/vc_column_text][vc_empty_space height=\u00a0\u00bb30&Prime;][vc_raw_html]JTVCZm9ybWlkYWJsZSUyMGlkJTNEMyU1RA==[\/vc_raw_html][\/vc_column][vc_column width=\u00a0\u00bb1\/2&Prime;][vc_custom_heading text=\u00a0\u00bbDevis de traitement de surface\u00a0\u00bb font_container=\u00a0\u00bbtag:h2|font_size:20|text_align:left\u00a0\u00bb el_class=\u00a0\u00bbheading-title-3&Prime;][vc_column_text]Merci de remplir ce formulaire pour demander un devis de traitement de surface calcul\u00e9 en fonction de vos besoins.[\/vc_column_text][vc_empty_space height=\u00a0\u00bb30&Prime;][vc_raw_html]JTVCZm9ybWlkYWJsZSUyMGlkJTNENCU1RA==[\/vc_raw_html][\/vc_column][\/vc_row]<\/p>\n","protected":false},"author":1,"featured_media":0,"parent":0,"menu_order":0,"comment_status":"closed","ping_status":"closed","template":"","meta":{"footnotes":""},"class_list":["post-75748","page","type-page","status-publish","hentry"],"yoast_head":"<!-- This site is optimized with the Yoast SEO plugin v27.3 - https:\/\/yoast.com\/product\/yoast-seo-wordpress\/ -->\n<title>Demandez un Devis - M\u00e9taux express<\/title>\n<meta name=\"description\" content=\"Demandez un devis gratuit aupr\u00e8s de nos repr\u00e9sentant en haut de France, r\u00e9gions Nord-Pas-de-Calais, Picardie et Paris.\" \/>\n<meta name=\"robots\" content=\"index, follow, max-snippet:-1, max-image-preview:large, max-video-preview:-1\" \/>\n<link rel=\"canonical\" href=\"https:\/\/metauxexpress.fr\/index.php\/demandez-un-devis\/\" \/>\n<meta property=\"og:locale\" content=\"fr_FR\" \/>\n<meta property=\"og:type\" content=\"article\" \/>\n<meta property=\"og:title\" content=\"Demandez un Devis - M\u00e9taux express\" \/>\n<meta property=\"og:description\" content=\"Demandez un devis gratuit aupr\u00e8s de nos repr\u00e9sentant en haut de France, r\u00e9gions Nord-Pas-de-Calais, Picardie et Paris.\" \/>\n<meta property=\"og:url\" content=\"https:\/\/metauxexpress.fr\/index.php\/demandez-un-devis\/\" \/>\n<meta property=\"og:site_name\" content=\"M\u00e9taux express\" \/>\n<meta property=\"article:modified_time\" content=\"2022-03-22T14:46:07+00:00\" \/>\n<meta name=\"twitter:card\" content=\"summary_large_image\" \/>\n<meta name=\"twitter:label1\" content=\"Dur\u00e9e de lecture estim\u00e9e\" \/>\n\t<meta name=\"twitter:data1\" content=\"1 minute\" \/>\n<script type=\"application\/ld+json\" class=\"yoast-schema-graph\">{\"@context\":\"https:\\\/\\\/schema.org\",\"@graph\":[{\"@type\":\"WebPage\",\"@id\":\"https:\\\/\\\/metauxexpress.fr\\\/index.php\\\/demandez-un-devis\\\/\",\"url\":\"https:\\\/\\\/metauxexpress.fr\\\/index.php\\\/demandez-un-devis\\\/\",\"name\":\"Demandez un Devis - M\u00e9taux express\",\"isPartOf\":{\"@id\":\"https:\\\/\\\/metauxexpress.fr\\\/#website\"},\"datePublished\":\"2022-03-09T11:48:45+00:00\",\"dateModified\":\"2022-03-22T14:46:07+00:00\",\"description\":\"Demandez un devis gratuit aupr\u00e8s de nos repr\u00e9sentant en haut de France, r\u00e9gions Nord-Pas-de-Calais, Picardie et Paris.\",\"breadcrumb\":{\"@id\":\"https:\\\/\\\/metauxexpress.fr\\\/index.php\\\/demandez-un-devis\\\/#breadcrumb\"},\"inLanguage\":\"fr-FR\",\"potentialAction\":[{\"@type\":\"ReadAction\",\"target\":[\"https:\\\/\\\/metauxexpress.fr\\\/index.php\\\/demandez-un-devis\\\/\"]}]},{\"@type\":\"BreadcrumbList\",\"@id\":\"https:\\\/\\\/metauxexpress.fr\\\/index.php\\\/demandez-un-devis\\\/#breadcrumb\",\"itemListElement\":[{\"@type\":\"ListItem\",\"position\":1,\"name\":\"Accueil\",\"item\":\"https:\\\/\\\/metauxexpress.fr\\\/\"},{\"@type\":\"ListItem\",\"position\":2,\"name\":\"Demandez un Devis\"}]},{\"@type\":\"WebSite\",\"@id\":\"https:\\\/\\\/metauxexpress.fr\\\/#website\",\"url\":\"https:\\\/\\\/metauxexpress.fr\\\/\",\"name\":\"M\u00e9taux express\",\"description\":\"Galvanisation et Transport de Marchandises\",\"potentialAction\":[{\"@type\":\"SearchAction\",\"target\":{\"@type\":\"EntryPoint\",\"urlTemplate\":\"https:\\\/\\\/metauxexpress.fr\\\/?s={search_term_string}\"},\"query-input\":{\"@type\":\"PropertyValueSpecification\",\"valueRequired\":true,\"valueName\":\"search_term_string\"}}],\"inLanguage\":\"fr-FR\"}]}<\/script>\n<!-- \/ Yoast SEO plugin. -->","yoast_head_json":{"title":"Demandez un Devis - M\u00e9taux express","description":"Demandez un devis gratuit aupr\u00e8s de nos repr\u00e9sentant en haut de France, r\u00e9gions Nord-Pas-de-Calais, Picardie et Paris.","robots":{"index":"index","follow":"follow","max-snippet":"max-snippet:-1","max-image-preview":"max-image-preview:large","max-video-preview":"max-video-preview:-1"},"canonical":"https:\/\/metauxexpress.fr\/index.php\/demandez-un-devis\/","og_locale":"fr_FR","og_type":"article","og_title":"Demandez un Devis - M\u00e9taux express","og_description":"Demandez un devis gratuit aupr\u00e8s de nos repr\u00e9sentant en haut de France, r\u00e9gions Nord-Pas-de-Calais, Picardie et Paris.","og_url":"https:\/\/metauxexpress.fr\/index.php\/demandez-un-devis\/","og_site_name":"M\u00e9taux express","article_modified_time":"2022-03-22T14:46:07+00:00","twitter_card":"summary_large_image","twitter_misc":{"Dur\u00e9e de lecture estim\u00e9e":"1 minute"},"schema":{"@context":"https:\/\/schema.org","@graph":[{"@type":"WebPage","@id":"https:\/\/metauxexpress.fr\/index.php\/demandez-un-devis\/","url":"https:\/\/metauxexpress.fr\/index.php\/demandez-un-devis\/","name":"Demandez un Devis - M\u00e9taux express","isPartOf":{"@id":"https:\/\/metauxexpress.fr\/#website"},"datePublished":"2022-03-09T11:48:45+00:00","dateModified":"2022-03-22T14:46:07+00:00","description":"Demandez un devis gratuit aupr\u00e8s de nos repr\u00e9sentant en haut de France, r\u00e9gions Nord-Pas-de-Calais, Picardie et Paris.","breadcrumb":{"@id":"https:\/\/metauxexpress.fr\/index.php\/demandez-un-devis\/#breadcrumb"},"inLanguage":"fr-FR","potentialAction":[{"@type":"ReadAction","target":["https:\/\/metauxexpress.fr\/index.php\/demandez-un-devis\/"]}]},{"@type":"BreadcrumbList","@id":"https:\/\/metauxexpress.fr\/index.php\/demandez-un-devis\/#breadcrumb","itemListElement":[{"@type":"ListItem","position":1,"name":"Accueil","item":"https:\/\/metauxexpress.fr\/"},{"@type":"ListItem","position":2,"name":"Demandez un Devis"}]},{"@type":"WebSite","@id":"https:\/\/metauxexpress.fr\/#website","url":"https:\/\/metauxexpress.fr\/","name":"M\u00e9taux express","description":"Galvanisation et Transport de Marchandises","potentialAction":[{"@type":"SearchAction","target":{"@type":"EntryPoint","urlTemplate":"https:\/\/metauxexpress.fr\/?s={search_term_string}"},"query-input":{"@type":"PropertyValueSpecification","valueRequired":true,"valueName":"search_term_string"}}],"inLanguage":"fr-FR"}]}},"_links":{"self":[{"href":"https:\/\/metauxexpress.fr\/index.php\/wp-json\/wp\/v2\/pages\/75748","targetHints":{"allow":["GET"]}}],"collection":[{"href":"https:\/\/metauxexpress.fr\/index.php\/wp-json\/wp\/v2\/pages"}],"about":[{"href":"https:\/\/metauxexpress.fr\/index.php\/wp-json\/wp\/v2\/types\/page"}],"author":[{"embeddable":true,"href":"https:\/\/metauxexpress.fr\/index.php\/wp-json\/wp\/v2\/users\/1"}],"replies":[{"embeddable":true,"href":"https:\/\/metauxexpress.fr\/index.php\/wp-json\/wp\/v2\/comments?post=75748"}],"version-history":[{"count":20,"href":"https:\/\/metauxexpress.fr\/index.php\/wp-json\/wp\/v2\/pages\/75748\/revisions"}],"predecessor-version":[{"id":75920,"href":"https:\/\/metauxexpress.fr\/index.php\/wp-json\/wp\/v2\/pages\/75748\/revisions\/75920"}],"wp:attachment":[{"href":"https:\/\/metauxexpress.fr\/index.php\/wp-json\/wp\/v2\/media?parent=75748"}],"curies":[{"name":"wp","href":"https:\/\/api.w.org\/{rel}","templated":true}]}}