




{"id":75519,"date":"2022-02-04T15:15:49","date_gmt":"2022-02-04T14:15:49","guid":{"rendered":"http:\/\/metauxexpress.fr\/?page_id=75519"},"modified":"2022-05-11T14:43:38","modified_gmt":"2022-05-11T12:43:38","slug":"anodisation","status":"publish","type":"page","link":"https:\/\/metauxexpress.fr\/index.php\/services\/anodisation\/","title":{"rendered":"Anodisation"},"content":{"rendered":"<p>[vc_row css=\u00a0\u00bb.vc_custom_1433128525365{margin-top: 0px !important;margin-bottom: 40px !important;}\u00a0\u00bb][vc_column][vc_column_text css=\u00a0\u00bb.vc_custom_1647425921785{padding-top: 20px !important;padding-right: 20px !important;padding-bottom: 20px !important;padding-left: 20px !important;background-color: #f4f4f4 !important;}\u00a0\u00bb]<\/p>\n<p style=\"font-size: 20px;\"><strong>Nos points forts : r\u00e9activit\u00e9, support technique, haute technicit\u00e9 en anodisation aluminium et un excellent service apr\u00e8s-vente..<\/strong><\/p>\n<p>[\/vc_column_text][\/vc_column][\/vc_row][vc_row css=\u00a0\u00bb.vc_custom_1433128525365{margin-top: 0px !important;margin-bottom: 40px !important;}\u00a0\u00bb][vc_column width=\u00a0\u00bb1\/2&Prime;][vc_custom_heading text=\u00a0\u00bbL&rsquo;ANODISATION\u00a0\u00bb font_container=\u00a0\u00bbtag:h2|font_size:20|text_align:left\u00a0\u00bb el_class=\u00a0\u00bbheading-title-3&Prime;][vc_column_text]Selon l&rsquo;utilisation, vous pouvez opter pour diverses proc\u00e9dures et propri\u00e9t\u00e9s:<\/p>\n<ul class=\"listing\">\n<li style=\"list-style-type: none;\">\n<ul class=\"listing\">\n<li><i class=\"fa fa-check\"><\/i>Epaisseurs de couche sp\u00e9cifiques<\/li>\n<li><i class=\"fa fa-check\"><\/i>Couleurs<\/li>\n<li><i class=\"fa fa-check\"><\/i>Niveaux de brillance ou de duret\u00e9<\/li>\n<li><i class=\"fa fa-check\"><\/i>Une certaine r\u00e9sistance \u00e0 l&rsquo;abrasion, de fortes propri\u00e9t\u00e9s anticorrosion ou \u00e0 faible frottement<\/li>\n<\/ul>\n<\/li>\n<\/ul>\n<p>[\/vc_column_text][\/vc_column][vc_column width=\u00a0\u00bb1\/2&Prime;][vc_gallery type=\u00a0\u00bbnivo\u00a0\u00bb interval=\u00a0\u00bb3&Prime; images=\u00a0\u00bb75965,75966,75967&Prime; img_size=\u00a0\u00bb555&#215;400&Prime;][\/vc_column][\/vc_row][vc_row css=\u00a0\u00bb.vc_custom_1433128537128{margin-bottom: 50px !important;}\u00a0\u00bb][vc_column width=\u00a0\u00bb1\/2&Prime;][vc_custom_heading text=\u00a0\u00bb\u00a0\u00bb font_container=\u00a0\u00bbtag:h2|font_size:20|text_align:left\u00a0\u00bb el_class=\u00a0\u00bbheading-title-3&Prime;][vc_column_text]<\/p>\n<p style=\"text-align: center;\"><img loading=\"lazy\" decoding=\"async\" class=\"alignnone size-full wp-image-75531\" src=\"https:\/\/metauxexpress.fr\/wp-content\/uploads\/2022\/02\/teintes.png\" alt=\"\" width=\"215\" height=\"239\" \/><\/p>\n<p>[\/vc_column_text][vc_empty_space height=\u00a0\u00bb15&Prime;][\/vc_column][vc_column width=\u00a0\u00bb1\/2&Prime;][vc_custom_heading text=\u00a0\u00bbNos teintes\u00a0\u00bb font_container=\u00a0\u00bbtag:h2|font_size:20|text_align:left\u00a0\u00bb el_class=\u00a0\u00bbheading-title-3&Prime;][vc_column_text][\/vc_column_text][vc_empty_space height=\u00a0\u00bb20&Prime;][vc_column_text]<\/p>\n<ul class=\"listing\">\n<li><i class=\"fa fa-check\"><\/i>Noir<\/li>\n<li><i class=\"fa fa-check\"><\/i>Rouge<\/li>\n<li><i class=\"fa fa-check\"><\/i>Vert<\/li>\n<li><i class=\"fa fa-check\"><\/i>Or clair<\/li>\n<li><i class=\"fa fa-check\"><\/i>Or<\/li>\n<li><i class=\"fa fa-check\"><\/i>&#8230;.<\/li>\n<\/ul>\n<p>[\/vc_column_text][\/vc_column][\/vc_row][vc_row css=\u00a0\u00bb.vc_custom_1433128547929{margin-bottom: 50px !important;}\u00a0\u00bb][vc_column width=\u00a0\u00bb1\/2&Prime;][vc_custom_heading text=\u00a0\u00bbProcessus de couleur\u00a0\u00bb font_container=\u00a0\u00bbtag:h2|font_size:20|text_align:left\u00a0\u00bb el_class=\u00a0\u00bbheading-title-3&Prime;][vc_wp_text]\n<table id=\"tablepress-1\" class=\"tablepress tablepress-id-1\">\n<thead>\n<tr class=\"row-1\">\n\t<th class=\"column-1\">Processus de couleur<\/th><th class=\"column-2\">Longueur (cm)<\/th><th class=\"column-3\">Largeur (cm)<\/th><th class=\"column-4\">Hauteur (cm)<\/th>\n<\/tr>\n<\/thead>\n<tbody class=\"row-striping row-hover\">\n<tr class=\"row-2\">\n\t<td class=\"column-1\">OR<\/td><td class=\"column-2\">700<\/td><td class=\"column-3\">50<\/td><td class=\"column-4\">120<\/td>\n<\/tr>\n<tr class=\"row-3\">\n\t<td class=\"column-1\">Noir<\/td><td class=\"column-2\">100<\/td><td class=\"column-3\">50<\/td><td class=\"column-4\">120<\/td>\n<\/tr>\n<tr class=\"row-4\">\n\t<td class=\"column-1\">Metoxal\/ couleurs<\/td><td class=\"column-2\">700<\/td><td class=\"column-3\">40<\/td><td class=\"column-4\">120<\/td>\n<\/tr>\n<tr class=\"row-5\">\n\t<td class=\"column-1\">Rouge<\/td><td class=\"column-2\">100<\/td><td class=\"column-3\">40<\/td><td class=\"column-4\">100<\/td>\n<\/tr>\n<tr class=\"row-6\">\n\t<td class=\"column-1\">Bordeaux<\/td><td class=\"column-2\">100<\/td><td class=\"column-3\">50<\/td><td class=\"column-4\">100<\/td>\n<\/tr>\n<tr class=\"row-7\">\n\t<td class=\"column-1\">Bleu<\/td><td class=\"column-2\">100<\/td><td class=\"column-3\">40<\/td><td class=\"column-4\">100<\/td>\n<\/tr>\n<tr class=\"row-8\">\n\t<td class=\"column-1\">Vert<\/td><td class=\"column-2\">120<\/td><td class=\"column-3\">30<\/td><td class=\"column-4\">100<\/td>\n<\/tr>\n<tr class=\"row-9\">\n\t<td class=\"column-1\">Orange<\/td><td class=\"column-2\">120<\/td><td class=\"column-3\">50<\/td><td class=\"column-4\">100<\/td>\n<\/tr>\n<\/tbody>\n<\/table>\n<!-- #tablepress-1 from cache -->[\/vc_wp_text][\/vc_column][vc_column width=\u00a0\u00bb1\/2&Prime;][vc_custom_heading text=\u00a0\u00bbProcessus de base\u00a0\u00bb font_container=\u00a0\u00bbtag:h2|font_size:20|text_align:left\u00a0\u00bb el_class=\u00a0\u00bbheading-title-3&Prime;][vc_wp_text]\n<table id=\"tablepress-2\" class=\"tablepress tablepress-id-2\">\n<thead>\n<tr class=\"row-1\">\n\t<th class=\"column-1\">Processus de base<\/th><th class=\"column-2\">Longueur (cm)<\/th><th class=\"column-3\">Largeur (cm)<\/th><th class=\"column-4\">Hauteur (cm)<\/th>\n<\/tr>\n<\/thead>\n<tbody class=\"row-striping\">\n<tr class=\"row-2\">\n\t<td class=\"column-1\">Anodisation naturelle<\/td><td class=\"column-2\">700<\/td><td class=\"column-3\">50<\/td><td class=\"column-4\">120<\/td>\n<\/tr>\n<tr class=\"row-3\">\n\t<td class=\"column-1\">Anodisation dure<\/td><td class=\"column-2\">350<\/td><td class=\"column-3\">90<\/td><td class=\"column-4\">150<\/td>\n<\/tr>\n<tr class=\"row-4\">\n\t<td class=\"column-1\">Decohard<\/td><td class=\"column-2\">350<\/td><td class=\"column-3\">90<\/td><td class=\"column-4\">150<\/td>\n<\/tr>\n<tr class=\"row-5\">\n\t<td class=\"column-1\">Nituff<\/td><td class=\"column-2\">350<\/td><td class=\"column-3\">40<\/td><td class=\"column-4\">140<\/td>\n<\/tr>\n<tr class=\"row-6\">\n\t<td class=\"column-1\">Anodisation dure noire<\/td><td class=\"column-2\">350<\/td><td class=\"column-3\">60<\/td><td class=\"column-4\">140<\/td>\n<\/tr>\n<tr class=\"row-7\">\n\t<td class=\"column-1\">Anodisation dure<\/td><td class=\"column-2\">1100<\/td><td class=\"column-3\">50<\/td><td class=\"column-4\">50<\/td>\n<\/tr>\n<tr class=\"row-8\">\n\t<td class=\"column-1\">Anodisation brillante<\/td><td class=\"column-2\">100<\/td><td class=\"column-3\">50<\/td><td class=\"column-4\">100<\/td>\n<\/tr>\n<\/tbody>\n<\/table>\n<!-- #tablepress-2 from cache -->[\/vc_wp_text][\/vc_column][\/vc_row][vc_row el_class=\u00a0\u00bbintro4 align-center\u00a0\u00bb full_width=\u00a0\u00bbstretch_row_content\u00a0\u00bb css=\u00a0\u00bb.vc_custom_1644245006924{background-color: #1b273d !important;}\u00a0\u00bb][vc_column width=\u00a0\u00bb2\/3&Prime;][vc_custom_heading text=\u00a0\u00bbVous cherchez un service de qualit\u00e9 pour votre projet ?\u00a0\u00bb font_container=\u00a0\u00bbtag:h3|font_size:22|text_align:center|color:%23ffffff\u00a0\u00bb][\/vc_column][vc_column width=\u00a0\u00bb1\/3&Prime;][vc_btn title=\u00a0\u00bbDEMANDER UN DEVIS\u00a0\u00bb style=\u00a0\u00bboutline\u00a0\u00bb shape=\u00a0\u00bbsquare\u00a0\u00bb color=\u00a0\u00bbwhite\u00a0\u00bb link=\u00a0\u00bburl:https%3A%2F%2Fmetauxexpress.fr%2Findex.php%2Fdemandez-un-devis%2F|title:Demandez%20un%20Devis\u00a0\u00bb][\/vc_column][\/vc_row]<\/p>\n","protected":false},"excerpt":{"rendered":"<p>[vc_row css=\u00a0\u00bb.vc_custom_1433128525365{margin-top: 0px !important;margin-bottom: 40px !important;}\u00a0\u00bb][vc_column][vc_column_text css=\u00a0\u00bb.vc_custom_1647425921785{padding-top: 20px !important;padding-right: 20px !important;padding-bottom: 20px !important;padding-left: 20px !important;background-color: #f4f4f4 !important;}\u00a0\u00bb] Nos points forts : r\u00e9activit\u00e9, support technique, haute technicit\u00e9 en anodisation aluminium et un excellent service apr\u00e8s-vente.. [\/vc_column_text][\/vc_column][\/vc_row][vc_row css=\u00a0\u00bb.vc_custom_1433128525365{margin-top: 0px !important;margin-bottom: 40px !important;}\u00a0\u00bb][vc_column width=\u00a0\u00bb1\/2&Prime;][vc_custom_heading text=\u00a0\u00bbL&rsquo;ANODISATION\u00a0\u00bb font_container=\u00a0\u00bbtag:h2|font_size:20|text_align:left\u00a0\u00bb el_class=\u00a0\u00bbheading-title-3&Prime;][vc_column_text]Selon l&rsquo;utilisation, vous pouvez opter pour diverses proc\u00e9dures et propri\u00e9t\u00e9s: Epaisseurs de [&hellip;]<\/p>\n","protected":false},"author":1,"featured_media":75815,"parent":59,"menu_order":0,"comment_status":"closed","ping_status":"closed","template":"","meta":{"footnotes":""},"class_list":["post-75519","page","type-page","status-publish","has-post-thumbnail","hentry"],"yoast_head":"<!-- This site is optimized with the Yoast SEO plugin v27.3 - https:\/\/yoast.com\/product\/yoast-seo-wordpress\/ -->\n<title>Anodisation - M\u00e9taux express<\/title>\n<meta name=\"description\" content=\"M\u00e9taux Express est sp\u00e9cialis\u00e9 dans l&#039;anodisation de pi\u00e8ces en aluminium et titane : anodisation dure, incolore, d\u00e9cor, titane.. Contactez-nous pour en savoir plus\" \/>\n<meta name=\"robots\" content=\"index, follow, max-snippet:-1, max-image-preview:large, max-video-preview:-1\" \/>\n<link rel=\"canonical\" href=\"https:\/\/metauxexpress.fr\/index.php\/services\/anodisation\/\" \/>\n<meta property=\"og:locale\" content=\"fr_FR\" \/>\n<meta property=\"og:type\" content=\"article\" \/>\n<meta property=\"og:title\" content=\"Anodisation - M\u00e9taux express\" \/>\n<meta property=\"og:description\" content=\"M\u00e9taux Express est sp\u00e9cialis\u00e9 dans l&#039;anodisation de pi\u00e8ces en aluminium et titane : anodisation dure, incolore, d\u00e9cor, titane.. Contactez-nous pour en savoir plus\" \/>\n<meta property=\"og:url\" content=\"https:\/\/metauxexpress.fr\/index.php\/services\/anodisation\/\" \/>\n<meta property=\"og:site_name\" content=\"M\u00e9taux express\" \/>\n<meta property=\"article:modified_time\" content=\"2022-05-11T12:43:38+00:00\" \/>\n<meta property=\"og:image\" content=\"https:\/\/metauxexpress.fr\/wp-content\/uploads\/2022\/03\/SL-123120-39420-13-4-scaled-e1647001475760.jpg\" \/>\n\t<meta property=\"og:image:width\" content=\"2003\" \/>\n\t<meta property=\"og:image:height\" content=\"1342\" \/>\n\t<meta property=\"og:image:type\" content=\"image\/jpeg\" \/>\n<meta name=\"twitter:card\" content=\"summary_large_image\" \/>\n<meta name=\"twitter:label1\" content=\"Dur\u00e9e de lecture estim\u00e9e\" \/>\n\t<meta name=\"twitter:data1\" content=\"1 minute\" \/>\n<script type=\"application\/ld+json\" class=\"yoast-schema-graph\">{\"@context\":\"https:\\\/\\\/schema.org\",\"@graph\":[{\"@type\":\"WebPage\",\"@id\":\"https:\\\/\\\/metauxexpress.fr\\\/index.php\\\/services\\\/anodisation\\\/\",\"url\":\"https:\\\/\\\/metauxexpress.fr\\\/index.php\\\/services\\\/anodisation\\\/\",\"name\":\"Anodisation - M\u00e9taux express\",\"isPartOf\":{\"@id\":\"https:\\\/\\\/metauxexpress.fr\\\/#website\"},\"primaryImageOfPage\":{\"@id\":\"https:\\\/\\\/metauxexpress.fr\\\/index.php\\\/services\\\/anodisation\\\/#primaryimage\"},\"image\":{\"@id\":\"https:\\\/\\\/metauxexpress.fr\\\/index.php\\\/services\\\/anodisation\\\/#primaryimage\"},\"thumbnailUrl\":\"https:\\\/\\\/metauxexpress.fr\\\/wp-content\\\/uploads\\\/2022\\\/03\\\/SL-123120-39420-13-4-scaled-e1647001475760.jpg\",\"datePublished\":\"2022-02-04T14:15:49+00:00\",\"dateModified\":\"2022-05-11T12:43:38+00:00\",\"description\":\"M\u00e9taux Express est sp\u00e9cialis\u00e9 dans l'anodisation de pi\u00e8ces en aluminium et titane : anodisation dure, incolore, d\u00e9cor, titane.. Contactez-nous pour en savoir plus\",\"breadcrumb\":{\"@id\":\"https:\\\/\\\/metauxexpress.fr\\\/index.php\\\/services\\\/anodisation\\\/#breadcrumb\"},\"inLanguage\":\"fr-FR\",\"potentialAction\":[{\"@type\":\"ReadAction\",\"target\":[\"https:\\\/\\\/metauxexpress.fr\\\/index.php\\\/services\\\/anodisation\\\/\"]}]},{\"@type\":\"ImageObject\",\"inLanguage\":\"fr-FR\",\"@id\":\"https:\\\/\\\/metauxexpress.fr\\\/index.php\\\/services\\\/anodisation\\\/#primaryimage\",\"url\":\"https:\\\/\\\/metauxexpress.fr\\\/wp-content\\\/uploads\\\/2022\\\/03\\\/SL-123120-39420-13-4-scaled-e1647001475760.jpg\",\"contentUrl\":\"https:\\\/\\\/metauxexpress.fr\\\/wp-content\\\/uploads\\\/2022\\\/03\\\/SL-123120-39420-13-4-scaled-e1647001475760.jpg\",\"width\":2003,\"height\":1342,\"caption\":\"set of metallic gradients in different colors\"},{\"@type\":\"BreadcrumbList\",\"@id\":\"https:\\\/\\\/metauxexpress.fr\\\/index.php\\\/services\\\/anodisation\\\/#breadcrumb\",\"itemListElement\":[{\"@type\":\"ListItem\",\"position\":1,\"name\":\"Accueil\",\"item\":\"https:\\\/\\\/metauxexpress.fr\\\/\"},{\"@type\":\"ListItem\",\"position\":2,\"name\":\"Services\",\"item\":\"https:\\\/\\\/metauxexpress.fr\\\/index.php\\\/services\\\/\"},{\"@type\":\"ListItem\",\"position\":3,\"name\":\"Anodisation\"}]},{\"@type\":\"WebSite\",\"@id\":\"https:\\\/\\\/metauxexpress.fr\\\/#website\",\"url\":\"https:\\\/\\\/metauxexpress.fr\\\/\",\"name\":\"M\u00e9taux express\",\"description\":\"Galvanisation et Transport de Marchandises\",\"potentialAction\":[{\"@type\":\"SearchAction\",\"target\":{\"@type\":\"EntryPoint\",\"urlTemplate\":\"https:\\\/\\\/metauxexpress.fr\\\/?s={search_term_string}\"},\"query-input\":{\"@type\":\"PropertyValueSpecification\",\"valueRequired\":true,\"valueName\":\"search_term_string\"}}],\"inLanguage\":\"fr-FR\"}]}<\/script>\n<!-- \/ Yoast SEO plugin. -->","yoast_head_json":{"title":"Anodisation - M\u00e9taux express","description":"M\u00e9taux Express est sp\u00e9cialis\u00e9 dans l'anodisation de pi\u00e8ces en aluminium et titane : anodisation dure, incolore, d\u00e9cor, titane.. Contactez-nous pour en savoir plus","robots":{"index":"index","follow":"follow","max-snippet":"max-snippet:-1","max-image-preview":"max-image-preview:large","max-video-preview":"max-video-preview:-1"},"canonical":"https:\/\/metauxexpress.fr\/index.php\/services\/anodisation\/","og_locale":"fr_FR","og_type":"article","og_title":"Anodisation - M\u00e9taux express","og_description":"M\u00e9taux Express est sp\u00e9cialis\u00e9 dans l'anodisation de pi\u00e8ces en aluminium et titane : anodisation dure, incolore, d\u00e9cor, titane.. Contactez-nous pour en savoir plus","og_url":"https:\/\/metauxexpress.fr\/index.php\/services\/anodisation\/","og_site_name":"M\u00e9taux express","article_modified_time":"2022-05-11T12:43:38+00:00","og_image":[{"width":2003,"height":1342,"url":"https:\/\/metauxexpress.fr\/wp-content\/uploads\/2022\/03\/SL-123120-39420-13-4-scaled-e1647001475760.jpg","type":"image\/jpeg"}],"twitter_card":"summary_large_image","twitter_misc":{"Dur\u00e9e de lecture estim\u00e9e":"1 minute"},"schema":{"@context":"https:\/\/schema.org","@graph":[{"@type":"WebPage","@id":"https:\/\/metauxexpress.fr\/index.php\/services\/anodisation\/","url":"https:\/\/metauxexpress.fr\/index.php\/services\/anodisation\/","name":"Anodisation - M\u00e9taux express","isPartOf":{"@id":"https:\/\/metauxexpress.fr\/#website"},"primaryImageOfPage":{"@id":"https:\/\/metauxexpress.fr\/index.php\/services\/anodisation\/#primaryimage"},"image":{"@id":"https:\/\/metauxexpress.fr\/index.php\/services\/anodisation\/#primaryimage"},"thumbnailUrl":"https:\/\/metauxexpress.fr\/wp-content\/uploads\/2022\/03\/SL-123120-39420-13-4-scaled-e1647001475760.jpg","datePublished":"2022-02-04T14:15:49+00:00","dateModified":"2022-05-11T12:43:38+00:00","description":"M\u00e9taux Express est sp\u00e9cialis\u00e9 dans l'anodisation de pi\u00e8ces en aluminium et titane : anodisation dure, incolore, d\u00e9cor, titane.. Contactez-nous pour en savoir plus","breadcrumb":{"@id":"https:\/\/metauxexpress.fr\/index.php\/services\/anodisation\/#breadcrumb"},"inLanguage":"fr-FR","potentialAction":[{"@type":"ReadAction","target":["https:\/\/metauxexpress.fr\/index.php\/services\/anodisation\/"]}]},{"@type":"ImageObject","inLanguage":"fr-FR","@id":"https:\/\/metauxexpress.fr\/index.php\/services\/anodisation\/#primaryimage","url":"https:\/\/metauxexpress.fr\/wp-content\/uploads\/2022\/03\/SL-123120-39420-13-4-scaled-e1647001475760.jpg","contentUrl":"https:\/\/metauxexpress.fr\/wp-content\/uploads\/2022\/03\/SL-123120-39420-13-4-scaled-e1647001475760.jpg","width":2003,"height":1342,"caption":"set of metallic gradients in different colors"},{"@type":"BreadcrumbList","@id":"https:\/\/metauxexpress.fr\/index.php\/services\/anodisation\/#breadcrumb","itemListElement":[{"@type":"ListItem","position":1,"name":"Accueil","item":"https:\/\/metauxexpress.fr\/"},{"@type":"ListItem","position":2,"name":"Services","item":"https:\/\/metauxexpress.fr\/index.php\/services\/"},{"@type":"ListItem","position":3,"name":"Anodisation"}]},{"@type":"WebSite","@id":"https:\/\/metauxexpress.fr\/#website","url":"https:\/\/metauxexpress.fr\/","name":"M\u00e9taux express","description":"Galvanisation et Transport de Marchandises","potentialAction":[{"@type":"SearchAction","target":{"@type":"EntryPoint","urlTemplate":"https:\/\/metauxexpress.fr\/?s={search_term_string}"},"query-input":{"@type":"PropertyValueSpecification","valueRequired":true,"valueName":"search_term_string"}}],"inLanguage":"fr-FR"}]}},"_links":{"self":[{"href":"https:\/\/metauxexpress.fr\/index.php\/wp-json\/wp\/v2\/pages\/75519","targetHints":{"allow":["GET"]}}],"collection":[{"href":"https:\/\/metauxexpress.fr\/index.php\/wp-json\/wp\/v2\/pages"}],"about":[{"href":"https:\/\/metauxexpress.fr\/index.php\/wp-json\/wp\/v2\/types\/page"}],"author":[{"embeddable":true,"href":"https:\/\/metauxexpress.fr\/index.php\/wp-json\/wp\/v2\/users\/1"}],"replies":[{"embeddable":true,"href":"https:\/\/metauxexpress.fr\/index.php\/wp-json\/wp\/v2\/comments?post=75519"}],"version-history":[{"count":56,"href":"https:\/\/metauxexpress.fr\/index.php\/wp-json\/wp\/v2\/pages\/75519\/revisions"}],"predecessor-version":[{"id":75976,"href":"https:\/\/metauxexpress.fr\/index.php\/wp-json\/wp\/v2\/pages\/75519\/revisions\/75976"}],"up":[{"embeddable":true,"href":"https:\/\/metauxexpress.fr\/index.php\/wp-json\/wp\/v2\/pages\/59"}],"wp:featuredmedia":[{"embeddable":true,"href":"https:\/\/metauxexpress.fr\/index.php\/wp-json\/wp\/v2\/media\/75815"}],"wp:attachment":[{"href":"https:\/\/metauxexpress.fr\/index.php\/wp-json\/wp\/v2\/media?parent=75519"}],"curies":[{"name":"wp","href":"https:\/\/api.w.org\/{rel}","templated":true}]}}