




{"id":75490,"date":"2022-02-04T12:17:37","date_gmt":"2022-02-04T11:17:37","guid":{"rendered":"http:\/\/metauxexpress.fr\/?page_id=75490"},"modified":"2022-05-11T14:17:19","modified_gmt":"2022-05-11T12:17:19","slug":"transport","status":"publish","type":"page","link":"https:\/\/metauxexpress.fr\/index.php\/services\/transport\/","title":{"rendered":"Transport"},"content":{"rendered":"<p>[vc_row css=\u00a0\u00bb.vc_custom_1433128525365{margin-top: 0px !important;margin-bottom: 40px !important;}\u00a0\u00bb][vc_column width=\u00a0\u00bb1\/2&Prime;][vc_custom_heading text=\u00a0\u00bbLE TRANSPORT\u00a0\u00bb font_container=\u00a0\u00bbtag:h2|font_size:20|text_align:left\u00a0\u00bb el_class=\u00a0\u00bbheading-title-3&Prime;][vc_column_text]<\/p>\n<ul class=\"listing\">\n<li><i class=\"fa fa-check\"><\/i>Transport r\u00e9gional, national et international.<\/li>\n<li><i class=\"fa fa-check\"><\/i>Livraison sur site, chantier, centrale nucl\u00e9aire \u2026<\/li>\n<li><i class=\"fa fa-check\"><\/i>Disponibilit\u00e9, r\u00e9activit\u00e9, rapidit\u00e9, fiabilit\u00e9, connaissance des m\u00e9taux \u2026<\/li>\n<li><i class=\"fa fa-check\"><\/i>Autant d\u2019atouts qui font de M\u00e9taux Express votre partenaire de travail id\u00e9al.<\/li>\n<li><i class=\"fa fa-check\"><\/i>Notre Flotte se compose de v\u00e9hicules l\u00e9gers de type plateau, d\u2019un v\u00e9hicule de type porteur, et d\u2019un poids lourd avec 2 remorques ( un plateau, ainsi qu\u2019une remorque b\u00e2ch\u00e9e).<\/li>\n<li><i class=\"fa fa-check\"><\/i>Nous avons \u00e9galement la possibilit\u00e9 de trouver des solutions pour vos convois exceptionnels \u2026<\/li>\n<\/ul>\n<p>[\/vc_column_text][\/vc_column][vc_column width=\u00a0\u00bb1\/2&Prime;][vc_empty_space height=\u00a0\u00bb20&Prime;][vc_single_image image=\u00a0\u00bb75960&Prime; img_size=\u00a0\u00bblarge\u00a0\u00bb alignment=\u00a0\u00bbcenter\u00a0\u00bb][\/vc_column][\/vc_row][vc_row css=\u00a0\u00bb.vc_custom_1433128537128{margin-bottom: 50px !important;}\u00a0\u00bb][vc_column width=\u00a0\u00bb1\/2&Prime;][vc_custom_heading text=\u00a0\u00bb\u00a0\u00bb font_container=\u00a0\u00bbtag:h2|font_size:20|text_align:left\u00a0\u00bb el_class=\u00a0\u00bbheading-title-3&Prime;][vc_column_text]<img decoding=\"async\" class=\"alignnone size-large wp-image-75505\" src=\"https:\/\/metauxexpress.fr\/wp-content\/uploads\/2022\/02\/environment-gb5ed68801_1280-1024x576.jpg\" alt=\"\" width=\"415\" srcset=\"https:\/\/metauxexpress.fr\/wp-content\/uploads\/2022\/02\/environment-gb5ed68801_1280-1024x576.jpg 1024w, https:\/\/metauxexpress.fr\/wp-content\/uploads\/2022\/02\/environment-gb5ed68801_1280-300x169.jpg 300w, https:\/\/metauxexpress.fr\/wp-content\/uploads\/2022\/02\/environment-gb5ed68801_1280-768x432.jpg 768w, https:\/\/metauxexpress.fr\/wp-content\/uploads\/2022\/02\/environment-gb5ed68801_1280-600x338.jpg 600w, https:\/\/metauxexpress.fr\/wp-content\/uploads\/2022\/02\/environment-gb5ed68801_1280.jpg 1280w\" sizes=\"(max-width: 1024px) 100vw, 1024px\" \/>[\/vc_column_text][\/vc_column][vc_column width=\u00a0\u00bb1\/2&Prime;][vc_custom_heading text=\u00a0\u00bbL\u2019\u00e9co conduite\u00a0\u00bb font_container=\u00a0\u00bbtag:h2|font_size:20|text_align:left\u00a0\u00bb el_class=\u00a0\u00bbheading-title-3&Prime;][vc_column_text][\/vc_column_text][vc_empty_space height=\u00a0\u00bb20&Prime;][vc_column_text]<\/p>\n<ul class=\"listing\">\n<li><i class=\"fas fa-leaf\"><\/i>M\u00e9taux express s\u2019engage sur l\u2019environnement en adoptant les r\u00e8gles de l\u2019\u00e9co conduite.<\/li>\n<li><i class=\"fas fa-leaf\"><\/i>Notre \u00e9quipe, sp\u00e9cialis\u00e9e dans le transport et le traitement de surface est form\u00e9e \u00e0 chaque sp\u00e9cificit\u00e9 du m\u00e9tier.<\/li>\n<li><i class=\"fas fa-leaf\"><\/i>Ainsi chaque transporteur est \u00e0 m\u00eame d\u2019assurer la protection de votre mati\u00e8re durant le transport.<\/li>\n<\/ul>\n<p>[\/vc_column_text][\/vc_column][\/vc_row][vc_row css=\u00a0\u00bb.vc_custom_1433128547929{margin-bottom: 50px !important;}\u00a0\u00bb][vc_column width=\u00a0\u00bb1\/2&Prime;][vc_custom_heading text=\u00a0\u00bbNotre porteur plateau\u00a0\u00bb font_container=\u00a0\u00bbtag:h2|font_size:20|text_align:left\u00a0\u00bb el_class=\u00a0\u00bbheading-title-3&Prime;][vc_column_text]<\/p>\n<ul class=\"listing\">\n<li><i class=\"fas fa-ruler-vertical\"><\/i>Longueur 5.8 m<\/li>\n<li><i class=\"fas fa-ruler-horizontal\"><\/i>Largeur 2.3 m<\/li>\n<li><i class=\"fas fa-weight-hanging\"><\/i>Maxi 3,5 tonnes<\/li>\n<\/ul>\n<p>[\/vc_column_text][vc_empty_space height=\u00a0\u00bb30&Prime;][\/vc_column][vc_column width=\u00a0\u00bb1\/2&Prime;][vc_custom_heading text=\u00a0\u00bbNos v\u00e9hicules l\u00e9gers de type plateau\u00a0\u00bb font_container=\u00a0\u00bbtag:h2|font_size:20|text_align:left\u00a0\u00bb el_class=\u00a0\u00bbheading-title-3&Prime;][vc_column_text]<\/p>\n<ul class=\"listing\">\n<li><i class=\"fas fa-ruler-vertical\"><\/i>Longueur 5.3 m<\/li>\n<li><i class=\"fas fa-ruler-horizontal\"><\/i>Largeur 2.2 m<\/li>\n<li><i class=\"fas fa-weight-hanging\"><\/i>Maxi 1.2 tonnes<\/li>\n<\/ul>\n<p>[\/vc_column_text][vc_empty_space height=\u00a0\u00bb30&Prime;][\/vc_column][\/vc_row][vc_row el_class=\u00a0\u00bbintro4 align-center\u00a0\u00bb full_width=\u00a0\u00bbstretch_row_content\u00a0\u00bb css=\u00a0\u00bb.vc_custom_1644245006924{background-color: #1b273d !important;}\u00a0\u00bb][vc_column width=\u00a0\u00bb2\/3&Prime;][vc_custom_heading text=\u00a0\u00bbVous cherchez un service de qualit\u00e9 pour votre projet ?\u00a0\u00bb font_container=\u00a0\u00bbtag:h3|font_size:22|text_align:center|color:%23ffffff\u00a0\u00bb][\/vc_column][vc_column width=\u00a0\u00bb1\/3&Prime;][vc_btn title=\u00a0\u00bbDEMANDER UN DEVIS\u00a0\u00bb style=\u00a0\u00bboutline\u00a0\u00bb shape=\u00a0\u00bbsquare\u00a0\u00bb color=\u00a0\u00bbwhite\u00a0\u00bb link=\u00a0\u00bburl:https%3A%2F%2Fmetauxexpress.fr%2Findex.php%2Fdemandez-un-devis%2F|title:Demandez%20un%20Devis\u00a0\u00bb][\/vc_column][\/vc_row]<\/p>\n","protected":false},"excerpt":{"rendered":"<p>[vc_row css=\u00a0\u00bb.vc_custom_1433128525365{margin-top: 0px !important;margin-bottom: 40px !important;}\u00a0\u00bb][vc_column width=\u00a0\u00bb1\/2&Prime;][vc_custom_heading text=\u00a0\u00bbLE TRANSPORT\u00a0\u00bb font_container=\u00a0\u00bbtag:h2|font_size:20|text_align:left\u00a0\u00bb el_class=\u00a0\u00bbheading-title-3&Prime;][vc_column_text] Transport r\u00e9gional, national et international. Livraison sur site, chantier, centrale nucl\u00e9aire \u2026 Disponibilit\u00e9, r\u00e9activit\u00e9, rapidit\u00e9, fiabilit\u00e9, connaissance des m\u00e9taux \u2026 Autant d\u2019atouts qui font de M\u00e9taux Express votre partenaire de travail id\u00e9al. Notre Flotte se compose de v\u00e9hicules l\u00e9gers de type plateau, d\u2019un v\u00e9hicule [&hellip;]<\/p>\n","protected":false},"author":1,"featured_media":75960,"parent":59,"menu_order":0,"comment_status":"closed","ping_status":"closed","template":"","meta":{"footnotes":""},"class_list":["post-75490","page","type-page","status-publish","has-post-thumbnail","hentry"],"yoast_head":"<!-- This site is optimized with the Yoast SEO plugin v27.3 - https:\/\/yoast.com\/product\/yoast-seo-wordpress\/ -->\n<title>Transport - M\u00e9taux express<\/title>\n<meta name=\"description\" content=\"Notre \u00e9quipe, sp\u00e9cialis\u00e9e dans le transport et le traitement de surface est form\u00e9e \u00e0 chaque sp\u00e9cificit\u00e9 du m\u00e9tier. Contactez M\u00e9taux Express.\" \/>\n<meta name=\"robots\" content=\"index, follow, max-snippet:-1, max-image-preview:large, max-video-preview:-1\" \/>\n<link rel=\"canonical\" href=\"https:\/\/metauxexpress.fr\/index.php\/services\/transport\/\" \/>\n<meta property=\"og:locale\" content=\"fr_FR\" \/>\n<meta property=\"og:type\" content=\"article\" \/>\n<meta property=\"og:title\" content=\"Transport - M\u00e9taux express\" \/>\n<meta property=\"og:description\" content=\"Notre \u00e9quipe, sp\u00e9cialis\u00e9e dans le transport et le traitement de surface est form\u00e9e \u00e0 chaque sp\u00e9cificit\u00e9 du m\u00e9tier. Contactez M\u00e9taux Express.\" \/>\n<meta property=\"og:url\" content=\"https:\/\/metauxexpress.fr\/index.php\/services\/transport\/\" \/>\n<meta property=\"og:site_name\" content=\"M\u00e9taux express\" \/>\n<meta property=\"article:modified_time\" content=\"2022-05-11T12:17:19+00:00\" \/>\n<meta property=\"og:image\" content=\"https:\/\/metauxexpress.fr\/wp-content\/uploads\/2022\/05\/FB_IMG_1652257674665.jpg\" \/>\n\t<meta property=\"og:image:width\" content=\"1080\" \/>\n\t<meta property=\"og:image:height\" content=\"810\" \/>\n\t<meta property=\"og:image:type\" content=\"image\/jpeg\" \/>\n<meta name=\"twitter:card\" content=\"summary_large_image\" \/>\n<meta name=\"twitter:label1\" content=\"Dur\u00e9e de lecture estim\u00e9e\" \/>\n\t<meta name=\"twitter:data1\" content=\"2 minutes\" \/>\n<script type=\"application\/ld+json\" class=\"yoast-schema-graph\">{\"@context\":\"https:\\\/\\\/schema.org\",\"@graph\":[{\"@type\":\"WebPage\",\"@id\":\"https:\\\/\\\/metauxexpress.fr\\\/index.php\\\/services\\\/transport\\\/\",\"url\":\"https:\\\/\\\/metauxexpress.fr\\\/index.php\\\/services\\\/transport\\\/\",\"name\":\"Transport - M\u00e9taux express\",\"isPartOf\":{\"@id\":\"https:\\\/\\\/metauxexpress.fr\\\/#website\"},\"primaryImageOfPage\":{\"@id\":\"https:\\\/\\\/metauxexpress.fr\\\/index.php\\\/services\\\/transport\\\/#primaryimage\"},\"image\":{\"@id\":\"https:\\\/\\\/metauxexpress.fr\\\/index.php\\\/services\\\/transport\\\/#primaryimage\"},\"thumbnailUrl\":\"https:\\\/\\\/metauxexpress.fr\\\/wp-content\\\/uploads\\\/2022\\\/05\\\/FB_IMG_1652257674665-e1652272066215.jpg\",\"datePublished\":\"2022-02-04T11:17:37+00:00\",\"dateModified\":\"2022-05-11T12:17:19+00:00\",\"description\":\"Notre \u00e9quipe, sp\u00e9cialis\u00e9e dans le transport et le traitement de surface est form\u00e9e \u00e0 chaque sp\u00e9cificit\u00e9 du m\u00e9tier. Contactez M\u00e9taux Express.\",\"breadcrumb\":{\"@id\":\"https:\\\/\\\/metauxexpress.fr\\\/index.php\\\/services\\\/transport\\\/#breadcrumb\"},\"inLanguage\":\"fr-FR\",\"potentialAction\":[{\"@type\":\"ReadAction\",\"target\":[\"https:\\\/\\\/metauxexpress.fr\\\/index.php\\\/services\\\/transport\\\/\"]}]},{\"@type\":\"ImageObject\",\"inLanguage\":\"fr-FR\",\"@id\":\"https:\\\/\\\/metauxexpress.fr\\\/index.php\\\/services\\\/transport\\\/#primaryimage\",\"url\":\"https:\\\/\\\/metauxexpress.fr\\\/wp-content\\\/uploads\\\/2022\\\/05\\\/FB_IMG_1652257674665-e1652272066215.jpg\",\"contentUrl\":\"https:\\\/\\\/metauxexpress.fr\\\/wp-content\\\/uploads\\\/2022\\\/05\\\/FB_IMG_1652257674665-e1652272066215.jpg\",\"width\":1080,\"height\":720},{\"@type\":\"BreadcrumbList\",\"@id\":\"https:\\\/\\\/metauxexpress.fr\\\/index.php\\\/services\\\/transport\\\/#breadcrumb\",\"itemListElement\":[{\"@type\":\"ListItem\",\"position\":1,\"name\":\"Accueil\",\"item\":\"https:\\\/\\\/metauxexpress.fr\\\/\"},{\"@type\":\"ListItem\",\"position\":2,\"name\":\"Services\",\"item\":\"https:\\\/\\\/metauxexpress.fr\\\/index.php\\\/services\\\/\"},{\"@type\":\"ListItem\",\"position\":3,\"name\":\"Transport\"}]},{\"@type\":\"WebSite\",\"@id\":\"https:\\\/\\\/metauxexpress.fr\\\/#website\",\"url\":\"https:\\\/\\\/metauxexpress.fr\\\/\",\"name\":\"M\u00e9taux express\",\"description\":\"Galvanisation et Transport de Marchandises\",\"potentialAction\":[{\"@type\":\"SearchAction\",\"target\":{\"@type\":\"EntryPoint\",\"urlTemplate\":\"https:\\\/\\\/metauxexpress.fr\\\/?s={search_term_string}\"},\"query-input\":{\"@type\":\"PropertyValueSpecification\",\"valueRequired\":true,\"valueName\":\"search_term_string\"}}],\"inLanguage\":\"fr-FR\"}]}<\/script>\n<!-- \/ Yoast SEO plugin. -->","yoast_head_json":{"title":"Transport - M\u00e9taux express","description":"Notre \u00e9quipe, sp\u00e9cialis\u00e9e dans le transport et le traitement de surface est form\u00e9e \u00e0 chaque sp\u00e9cificit\u00e9 du m\u00e9tier. Contactez M\u00e9taux Express.","robots":{"index":"index","follow":"follow","max-snippet":"max-snippet:-1","max-image-preview":"max-image-preview:large","max-video-preview":"max-video-preview:-1"},"canonical":"https:\/\/metauxexpress.fr\/index.php\/services\/transport\/","og_locale":"fr_FR","og_type":"article","og_title":"Transport - M\u00e9taux express","og_description":"Notre \u00e9quipe, sp\u00e9cialis\u00e9e dans le transport et le traitement de surface est form\u00e9e \u00e0 chaque sp\u00e9cificit\u00e9 du m\u00e9tier. Contactez M\u00e9taux Express.","og_url":"https:\/\/metauxexpress.fr\/index.php\/services\/transport\/","og_site_name":"M\u00e9taux express","article_modified_time":"2022-05-11T12:17:19+00:00","og_image":[{"width":1080,"height":810,"url":"https:\/\/metauxexpress.fr\/wp-content\/uploads\/2022\/05\/FB_IMG_1652257674665.jpg","type":"image\/jpeg"}],"twitter_card":"summary_large_image","twitter_misc":{"Dur\u00e9e de lecture estim\u00e9e":"2 minutes"},"schema":{"@context":"https:\/\/schema.org","@graph":[{"@type":"WebPage","@id":"https:\/\/metauxexpress.fr\/index.php\/services\/transport\/","url":"https:\/\/metauxexpress.fr\/index.php\/services\/transport\/","name":"Transport - M\u00e9taux express","isPartOf":{"@id":"https:\/\/metauxexpress.fr\/#website"},"primaryImageOfPage":{"@id":"https:\/\/metauxexpress.fr\/index.php\/services\/transport\/#primaryimage"},"image":{"@id":"https:\/\/metauxexpress.fr\/index.php\/services\/transport\/#primaryimage"},"thumbnailUrl":"https:\/\/metauxexpress.fr\/wp-content\/uploads\/2022\/05\/FB_IMG_1652257674665-e1652272066215.jpg","datePublished":"2022-02-04T11:17:37+00:00","dateModified":"2022-05-11T12:17:19+00:00","description":"Notre \u00e9quipe, sp\u00e9cialis\u00e9e dans le transport et le traitement de surface est form\u00e9e \u00e0 chaque sp\u00e9cificit\u00e9 du m\u00e9tier. Contactez M\u00e9taux Express.","breadcrumb":{"@id":"https:\/\/metauxexpress.fr\/index.php\/services\/transport\/#breadcrumb"},"inLanguage":"fr-FR","potentialAction":[{"@type":"ReadAction","target":["https:\/\/metauxexpress.fr\/index.php\/services\/transport\/"]}]},{"@type":"ImageObject","inLanguage":"fr-FR","@id":"https:\/\/metauxexpress.fr\/index.php\/services\/transport\/#primaryimage","url":"https:\/\/metauxexpress.fr\/wp-content\/uploads\/2022\/05\/FB_IMG_1652257674665-e1652272066215.jpg","contentUrl":"https:\/\/metauxexpress.fr\/wp-content\/uploads\/2022\/05\/FB_IMG_1652257674665-e1652272066215.jpg","width":1080,"height":720},{"@type":"BreadcrumbList","@id":"https:\/\/metauxexpress.fr\/index.php\/services\/transport\/#breadcrumb","itemListElement":[{"@type":"ListItem","position":1,"name":"Accueil","item":"https:\/\/metauxexpress.fr\/"},{"@type":"ListItem","position":2,"name":"Services","item":"https:\/\/metauxexpress.fr\/index.php\/services\/"},{"@type":"ListItem","position":3,"name":"Transport"}]},{"@type":"WebSite","@id":"https:\/\/metauxexpress.fr\/#website","url":"https:\/\/metauxexpress.fr\/","name":"M\u00e9taux express","description":"Galvanisation et Transport de Marchandises","potentialAction":[{"@type":"SearchAction","target":{"@type":"EntryPoint","urlTemplate":"https:\/\/metauxexpress.fr\/?s={search_term_string}"},"query-input":{"@type":"PropertyValueSpecification","valueRequired":true,"valueName":"search_term_string"}}],"inLanguage":"fr-FR"}]}},"_links":{"self":[{"href":"https:\/\/metauxexpress.fr\/index.php\/wp-json\/wp\/v2\/pages\/75490","targetHints":{"allow":["GET"]}}],"collection":[{"href":"https:\/\/metauxexpress.fr\/index.php\/wp-json\/wp\/v2\/pages"}],"about":[{"href":"https:\/\/metauxexpress.fr\/index.php\/wp-json\/wp\/v2\/types\/page"}],"author":[{"embeddable":true,"href":"https:\/\/metauxexpress.fr\/index.php\/wp-json\/wp\/v2\/users\/1"}],"replies":[{"embeddable":true,"href":"https:\/\/metauxexpress.fr\/index.php\/wp-json\/wp\/v2\/comments?post=75490"}],"version-history":[{"count":66,"href":"https:\/\/metauxexpress.fr\/index.php\/wp-json\/wp\/v2\/pages\/75490\/revisions"}],"predecessor-version":[{"id":75496,"href":"https:\/\/metauxexpress.fr\/index.php\/wp-json\/wp\/v2\/pages\/75490\/revisions\/75496"}],"up":[{"embeddable":true,"href":"https:\/\/metauxexpress.fr\/index.php\/wp-json\/wp\/v2\/pages\/59"}],"wp:featuredmedia":[{"embeddable":true,"href":"https:\/\/metauxexpress.fr\/index.php\/wp-json\/wp\/v2\/media\/75960"}],"wp:attachment":[{"href":"https:\/\/metauxexpress.fr\/index.php\/wp-json\/wp\/v2\/media?parent=75490"}],"curies":[{"name":"wp","href":"https:\/\/api.w.org\/{rel}","templated":true}]}}