




{"id":75477,"date":"2022-02-04T11:39:16","date_gmt":"2022-02-04T10:39:16","guid":{"rendered":"http:\/\/metauxexpress.fr\/?page_id=75477"},"modified":"2022-05-11T14:49:43","modified_gmt":"2022-05-11T12:49:43","slug":"galvanisation","status":"publish","type":"page","link":"https:\/\/metauxexpress.fr\/index.php\/services\/galvanisation\/","title":{"rendered":"Galvanisation"},"content":{"rendered":"<p>[vc_row css=\u00a0\u00bb.vc_custom_1433128525365{margin-top: 0px !important;margin-bottom: 40px !important;}\u00a0\u00bb][vc_column][vc_column_text css=\u00a0\u00bb.vc_custom_1647959536935{padding-top: 20px !important;padding-right: 20px !important;padding-bottom: 20px !important;padding-left: 20px !important;background-color: #f4f4f4 !important;}\u00a0\u00bb]<\/p>\n<p style=\"font-size: 20px;\"><strong>Vous souhaitez faire appel \u00e0 des professionnels de la galvanisation et \u00eates situ\u00e9s dans le secteur allant des Hauts-de-France jusqu&rsquo;\u00e0 la Capitale, la soci\u00e9t\u00e9 Metaux Express est \u00e0 votre enti\u00e8re disposition.<\/strong><\/p>\n<p style=\"font-size: 20px;\"><strong>Notre atout : notre r\u00e9activit\u00e9, votre galvanisation en 48h Maxi.<\/strong><\/p>\n<p>[\/vc_column_text][\/vc_column][\/vc_row][vc_row css=\u00a0\u00bb.vc_custom_1433128525365{margin-top: 0px !important;margin-bottom: 40px !important;}\u00a0\u00bb][vc_column][vc_custom_heading text=\u00a0\u00bbLA GALVANISATION\u00a0\u00bb font_container=\u00a0\u00bbtag:h2|font_size:20|text_align:left\u00a0\u00bb el_class=\u00a0\u00bbheading-title-3&Prime;][vc_column_text]<\/p>\n<ul class=\"listing\">\n<li><i class=\"fa fa-check\"><\/i>M\u00e9taux Express est sp\u00e9cialiste dans le traitement de surface.<\/li>\n<li><i class=\"fa fa-check\"><\/i>Franchis\u00e9 de la Coatinc Company, nous nous engageons \u00e0 galvaniser votre acier avec qualit\u00e9 et professionnalisme.<\/li>\n<li><i class=\"fa fa-check\"><\/i>Notre atout : notre r\u00e9activit\u00e9, votre galvanisation en 48h Maxi.<\/li>\n<\/ul>\n<p>[\/vc_column_text][\/vc_column][\/vc_row][vc_row css=\u00a0\u00bb.vc_custom_1433128537128{margin-bottom: 50px !important;}\u00a0\u00bb][vc_column width=\u00a0\u00bb1\/2&Prime;][vc_custom_heading text=\u00a0\u00bb\u00a0\u00bb font_container=\u00a0\u00bbtag:h2|font_size:20|text_align:left\u00a0\u00bb el_class=\u00a0\u00bbheading-title-3&Prime;][vc_column_text]<img decoding=\"async\" class=\"alignnone size-large wp-image-75505\" src=\"https:\/\/metauxexpress.fr\/wp-content\/uploads\/2022\/02\/wm_se-hd_test-1.png\" alt=\"\" width=\"415\" \/>[\/vc_column_text][vc_empty_space height=\u00a0\u00bb15&Prime;][\/vc_column][vc_column width=\u00a0\u00bb1\/2&Prime;][vc_custom_heading text=\u00a0\u00bbDimensions des bains\u00a0\u00bb font_container=\u00a0\u00bbtag:h2|font_size:20|text_align:left\u00a0\u00bb el_class=\u00a0\u00bbheading-title-3&Prime;][vc_column_text]Dimensions des bains :[\/vc_column_text][vc_empty_space height=\u00a0\u00bb20&Prime;][vc_column_text]<\/p>\n<ul class=\"listing\">\n<li><i class=\"fas fa-ruler-vertical\"><\/i>Longueur 16 m<\/li>\n<li><i class=\"fas fa-ruler-horizontal\"><\/i>Largeur 1.5 m<\/li>\n<li><i class=\"fas fa-ruler-combined\"><\/i>Profondeur 3 m<\/li>\n<\/ul>\n<p>[\/vc_column_text][\/vc_column][\/vc_row][vc_row css=\u00a0\u00bb.vc_custom_1433128547929{margin-bottom: 50px !important;}\u00a0\u00bb][vc_column width=\u00a0\u00bb1\/2&Prime;][vc_custom_heading text=\u00a0\u00bbLe Coatinc Clear\u00a0\u00bb font_container=\u00a0\u00bbtag:h2|font_size:20|text_align:left\u00a0\u00bb el_class=\u00a0\u00bbheading-title-3&Prime;][vc_column_text]Il s\u2019agit d\u2019un parach\u00e8vement o\u00f9 le mat\u00e9riel est nettoy\u00e9 apr\u00e8s galvanisation. Cela permet d\u2019avoir un rendu esth\u00e9tique propre.<\/p>\n<ul class=\"listing\">\n<li><i class=\"fas fa-exclamation-circle\"><\/i><strong>Attention il ne s\u2019agit pas d\u2019une pr\u00e9paration avant peinture.<\/strong><\/li>\n<\/ul>\n<p>[\/vc_column_text][\/vc_column][vc_column width=\u00a0\u00bb1\/2&Prime;][vc_custom_heading text=\u00a0\u00bb\u00a0\u00bb font_container=\u00a0\u00bbtag:h2|font_size:20|text_align:left\u00a0\u00bb el_class=\u00a0\u00bbheading-title-3&Prime;][vc_gallery type=\u00a0\u00bbnivo\u00a0\u00bb interval=\u00a0\u00bb3&Prime; images=\u00a0\u00bb75977,75978,75979&Prime; img_size=\u00a0\u00bb555&#215;400&Prime;][\/vc_column][\/vc_row][vc_row el_class=\u00a0\u00bbintro4 align-center\u00a0\u00bb full_width=\u00a0\u00bbstretch_row_content\u00a0\u00bb css=\u00a0\u00bb.vc_custom_1644245006924{background-color: #1b273d !important;}\u00a0\u00bb][vc_column width=\u00a0\u00bb2\/3&Prime;][vc_custom_heading text=\u00a0\u00bbVous cherchez un service de qualit\u00e9 pour votre projet ?\u00a0\u00bb font_container=\u00a0\u00bbtag:h3|font_size:22|text_align:center|color:%23ffffff\u00a0\u00bb][\/vc_column][vc_column width=\u00a0\u00bb1\/3&Prime;][vc_btn title=\u00a0\u00bbDEMANDER UN DEVIS\u00a0\u00bb style=\u00a0\u00bboutline\u00a0\u00bb shape=\u00a0\u00bbsquare\u00a0\u00bb color=\u00a0\u00bbwhite\u00a0\u00bb link=\u00a0\u00bburl:https%3A%2F%2Fmetauxexpress.fr%2Findex.php%2Fdemandez-un-devis%2F|title:Demandez%20un%20Devis\u00a0\u00bb][\/vc_column][\/vc_row]<\/p>\n","protected":false},"excerpt":{"rendered":"<p>[vc_row css=\u00a0\u00bb.vc_custom_1433128525365{margin-top: 0px !important;margin-bottom: 40px !important;}\u00a0\u00bb][vc_column][vc_column_text css=\u00a0\u00bb.vc_custom_1647959536935{padding-top: 20px !important;padding-right: 20px !important;padding-bottom: 20px !important;padding-left: 20px !important;background-color: #f4f4f4 !important;}\u00a0\u00bb] Vous souhaitez faire appel \u00e0 des professionnels de la galvanisation et \u00eates situ\u00e9s dans le secteur allant des Hauts-de-France jusqu&rsquo;\u00e0 la Capitale, la soci\u00e9t\u00e9 Metaux Express est \u00e0 votre enti\u00e8re disposition. Notre atout : notre r\u00e9activit\u00e9, votre galvanisation [&hellip;]<\/p>\n","protected":false},"author":1,"featured_media":75981,"parent":59,"menu_order":0,"comment_status":"closed","ping_status":"closed","template":"","meta":{"footnotes":""},"class_list":["post-75477","page","type-page","status-publish","has-post-thumbnail","hentry"],"yoast_head":"<!-- This site is optimized with the Yoast SEO plugin v27.3 - https:\/\/yoast.com\/product\/yoast-seo-wordpress\/ -->\n<title>Galvanisation - M\u00e9taux express<\/title>\n<meta name=\"description\" content=\"L&#039;activit\u00e9 principale de la soci\u00e9t\u00e9 M\u00e9taux Express est la galvanisation \u00e0 chaud. Nous galvanisons toute sorte de produits finis en haut de France, r\u00e9gions Nord-pas-de-calais, Picardie et Paris.\" \/>\n<meta name=\"robots\" content=\"index, follow, max-snippet:-1, max-image-preview:large, max-video-preview:-1\" \/>\n<link rel=\"canonical\" href=\"https:\/\/metauxexpress.fr\/index.php\/services\/galvanisation\/\" \/>\n<meta property=\"og:locale\" content=\"fr_FR\" \/>\n<meta property=\"og:type\" content=\"article\" \/>\n<meta property=\"og:title\" content=\"Galvanisation - M\u00e9taux express\" \/>\n<meta property=\"og:description\" content=\"L&#039;activit\u00e9 principale de la soci\u00e9t\u00e9 M\u00e9taux Express est la galvanisation \u00e0 chaud. Nous galvanisons toute sorte de produits finis en haut de France, r\u00e9gions Nord-pas-de-calais, Picardie et Paris.\" \/>\n<meta property=\"og:url\" content=\"https:\/\/metauxexpress.fr\/index.php\/services\/galvanisation\/\" \/>\n<meta property=\"og:site_name\" content=\"M\u00e9taux express\" \/>\n<meta property=\"article:modified_time\" content=\"2022-05-11T12:49:43+00:00\" \/>\n<meta property=\"og:image\" content=\"https:\/\/metauxexpress.fr\/wp-content\/uploads\/2022\/05\/FB_IMG_16522576532562-e1652273371562.jpg\" \/>\n\t<meta property=\"og:image:width\" content=\"640\" \/>\n\t<meta property=\"og:image:height\" content=\"427\" \/>\n\t<meta property=\"og:image:type\" content=\"image\/jpeg\" \/>\n<meta name=\"twitter:card\" content=\"summary_large_image\" \/>\n<meta name=\"twitter:label1\" content=\"Dur\u00e9e de lecture estim\u00e9e\" \/>\n\t<meta name=\"twitter:data1\" content=\"2 minutes\" \/>\n<script type=\"application\/ld+json\" class=\"yoast-schema-graph\">{\"@context\":\"https:\\\/\\\/schema.org\",\"@graph\":[{\"@type\":\"WebPage\",\"@id\":\"https:\\\/\\\/metauxexpress.fr\\\/index.php\\\/services\\\/galvanisation\\\/\",\"url\":\"https:\\\/\\\/metauxexpress.fr\\\/index.php\\\/services\\\/galvanisation\\\/\",\"name\":\"Galvanisation - M\u00e9taux express\",\"isPartOf\":{\"@id\":\"https:\\\/\\\/metauxexpress.fr\\\/#website\"},\"primaryImageOfPage\":{\"@id\":\"https:\\\/\\\/metauxexpress.fr\\\/index.php\\\/services\\\/galvanisation\\\/#primaryimage\"},\"image\":{\"@id\":\"https:\\\/\\\/metauxexpress.fr\\\/index.php\\\/services\\\/galvanisation\\\/#primaryimage\"},\"thumbnailUrl\":\"https:\\\/\\\/metauxexpress.fr\\\/wp-content\\\/uploads\\\/2022\\\/05\\\/FB_IMG_16522576532562-e1652273371562.jpg\",\"datePublished\":\"2022-02-04T10:39:16+00:00\",\"dateModified\":\"2022-05-11T12:49:43+00:00\",\"description\":\"L'activit\u00e9 principale de la soci\u00e9t\u00e9 M\u00e9taux Express est la galvanisation \u00e0 chaud. Nous galvanisons toute sorte de produits finis en haut de France, r\u00e9gions Nord-pas-de-calais, Picardie et Paris.\",\"breadcrumb\":{\"@id\":\"https:\\\/\\\/metauxexpress.fr\\\/index.php\\\/services\\\/galvanisation\\\/#breadcrumb\"},\"inLanguage\":\"fr-FR\",\"potentialAction\":[{\"@type\":\"ReadAction\",\"target\":[\"https:\\\/\\\/metauxexpress.fr\\\/index.php\\\/services\\\/galvanisation\\\/\"]}]},{\"@type\":\"ImageObject\",\"inLanguage\":\"fr-FR\",\"@id\":\"https:\\\/\\\/metauxexpress.fr\\\/index.php\\\/services\\\/galvanisation\\\/#primaryimage\",\"url\":\"https:\\\/\\\/metauxexpress.fr\\\/wp-content\\\/uploads\\\/2022\\\/05\\\/FB_IMG_16522576532562-e1652273371562.jpg\",\"contentUrl\":\"https:\\\/\\\/metauxexpress.fr\\\/wp-content\\\/uploads\\\/2022\\\/05\\\/FB_IMG_16522576532562-e1652273371562.jpg\",\"width\":640,\"height\":427},{\"@type\":\"BreadcrumbList\",\"@id\":\"https:\\\/\\\/metauxexpress.fr\\\/index.php\\\/services\\\/galvanisation\\\/#breadcrumb\",\"itemListElement\":[{\"@type\":\"ListItem\",\"position\":1,\"name\":\"Accueil\",\"item\":\"https:\\\/\\\/metauxexpress.fr\\\/\"},{\"@type\":\"ListItem\",\"position\":2,\"name\":\"Services\",\"item\":\"https:\\\/\\\/metauxexpress.fr\\\/index.php\\\/services\\\/\"},{\"@type\":\"ListItem\",\"position\":3,\"name\":\"Galvanisation\"}]},{\"@type\":\"WebSite\",\"@id\":\"https:\\\/\\\/metauxexpress.fr\\\/#website\",\"url\":\"https:\\\/\\\/metauxexpress.fr\\\/\",\"name\":\"M\u00e9taux express\",\"description\":\"Galvanisation et Transport de Marchandises\",\"potentialAction\":[{\"@type\":\"SearchAction\",\"target\":{\"@type\":\"EntryPoint\",\"urlTemplate\":\"https:\\\/\\\/metauxexpress.fr\\\/?s={search_term_string}\"},\"query-input\":{\"@type\":\"PropertyValueSpecification\",\"valueRequired\":true,\"valueName\":\"search_term_string\"}}],\"inLanguage\":\"fr-FR\"}]}<\/script>\n<!-- \/ Yoast SEO plugin. -->","yoast_head_json":{"title":"Galvanisation - M\u00e9taux express","description":"L'activit\u00e9 principale de la soci\u00e9t\u00e9 M\u00e9taux Express est la galvanisation \u00e0 chaud. Nous galvanisons toute sorte de produits finis en haut de France, r\u00e9gions Nord-pas-de-calais, Picardie et Paris.","robots":{"index":"index","follow":"follow","max-snippet":"max-snippet:-1","max-image-preview":"max-image-preview:large","max-video-preview":"max-video-preview:-1"},"canonical":"https:\/\/metauxexpress.fr\/index.php\/services\/galvanisation\/","og_locale":"fr_FR","og_type":"article","og_title":"Galvanisation - M\u00e9taux express","og_description":"L'activit\u00e9 principale de la soci\u00e9t\u00e9 M\u00e9taux Express est la galvanisation \u00e0 chaud. Nous galvanisons toute sorte de produits finis en haut de France, r\u00e9gions Nord-pas-de-calais, Picardie et Paris.","og_url":"https:\/\/metauxexpress.fr\/index.php\/services\/galvanisation\/","og_site_name":"M\u00e9taux express","article_modified_time":"2022-05-11T12:49:43+00:00","og_image":[{"width":640,"height":427,"url":"https:\/\/metauxexpress.fr\/wp-content\/uploads\/2022\/05\/FB_IMG_16522576532562-e1652273371562.jpg","type":"image\/jpeg"}],"twitter_card":"summary_large_image","twitter_misc":{"Dur\u00e9e de lecture estim\u00e9e":"2 minutes"},"schema":{"@context":"https:\/\/schema.org","@graph":[{"@type":"WebPage","@id":"https:\/\/metauxexpress.fr\/index.php\/services\/galvanisation\/","url":"https:\/\/metauxexpress.fr\/index.php\/services\/galvanisation\/","name":"Galvanisation - M\u00e9taux express","isPartOf":{"@id":"https:\/\/metauxexpress.fr\/#website"},"primaryImageOfPage":{"@id":"https:\/\/metauxexpress.fr\/index.php\/services\/galvanisation\/#primaryimage"},"image":{"@id":"https:\/\/metauxexpress.fr\/index.php\/services\/galvanisation\/#primaryimage"},"thumbnailUrl":"https:\/\/metauxexpress.fr\/wp-content\/uploads\/2022\/05\/FB_IMG_16522576532562-e1652273371562.jpg","datePublished":"2022-02-04T10:39:16+00:00","dateModified":"2022-05-11T12:49:43+00:00","description":"L'activit\u00e9 principale de la soci\u00e9t\u00e9 M\u00e9taux Express est la galvanisation \u00e0 chaud. Nous galvanisons toute sorte de produits finis en haut de France, r\u00e9gions Nord-pas-de-calais, Picardie et Paris.","breadcrumb":{"@id":"https:\/\/metauxexpress.fr\/index.php\/services\/galvanisation\/#breadcrumb"},"inLanguage":"fr-FR","potentialAction":[{"@type":"ReadAction","target":["https:\/\/metauxexpress.fr\/index.php\/services\/galvanisation\/"]}]},{"@type":"ImageObject","inLanguage":"fr-FR","@id":"https:\/\/metauxexpress.fr\/index.php\/services\/galvanisation\/#primaryimage","url":"https:\/\/metauxexpress.fr\/wp-content\/uploads\/2022\/05\/FB_IMG_16522576532562-e1652273371562.jpg","contentUrl":"https:\/\/metauxexpress.fr\/wp-content\/uploads\/2022\/05\/FB_IMG_16522576532562-e1652273371562.jpg","width":640,"height":427},{"@type":"BreadcrumbList","@id":"https:\/\/metauxexpress.fr\/index.php\/services\/galvanisation\/#breadcrumb","itemListElement":[{"@type":"ListItem","position":1,"name":"Accueil","item":"https:\/\/metauxexpress.fr\/"},{"@type":"ListItem","position":2,"name":"Services","item":"https:\/\/metauxexpress.fr\/index.php\/services\/"},{"@type":"ListItem","position":3,"name":"Galvanisation"}]},{"@type":"WebSite","@id":"https:\/\/metauxexpress.fr\/#website","url":"https:\/\/metauxexpress.fr\/","name":"M\u00e9taux express","description":"Galvanisation et Transport de Marchandises","potentialAction":[{"@type":"SearchAction","target":{"@type":"EntryPoint","urlTemplate":"https:\/\/metauxexpress.fr\/?s={search_term_string}"},"query-input":{"@type":"PropertyValueSpecification","valueRequired":true,"valueName":"search_term_string"}}],"inLanguage":"fr-FR"}]}},"_links":{"self":[{"href":"https:\/\/metauxexpress.fr\/index.php\/wp-json\/wp\/v2\/pages\/75477","targetHints":{"allow":["GET"]}}],"collection":[{"href":"https:\/\/metauxexpress.fr\/index.php\/wp-json\/wp\/v2\/pages"}],"about":[{"href":"https:\/\/metauxexpress.fr\/index.php\/wp-json\/wp\/v2\/types\/page"}],"author":[{"embeddable":true,"href":"https:\/\/metauxexpress.fr\/index.php\/wp-json\/wp\/v2\/users\/1"}],"replies":[{"embeddable":true,"href":"https:\/\/metauxexpress.fr\/index.php\/wp-json\/wp\/v2\/comments?post=75477"}],"version-history":[{"count":46,"href":"https:\/\/metauxexpress.fr\/index.php\/wp-json\/wp\/v2\/pages\/75477\/revisions"}],"predecessor-version":[{"id":75980,"href":"https:\/\/metauxexpress.fr\/index.php\/wp-json\/wp\/v2\/pages\/75477\/revisions\/75980"}],"up":[{"embeddable":true,"href":"https:\/\/metauxexpress.fr\/index.php\/wp-json\/wp\/v2\/pages\/59"}],"wp:featuredmedia":[{"embeddable":true,"href":"https:\/\/metauxexpress.fr\/index.php\/wp-json\/wp\/v2\/media\/75981"}],"wp:attachment":[{"href":"https:\/\/metauxexpress.fr\/index.php\/wp-json\/wp\/v2\/media?parent=75477"}],"curies":[{"name":"wp","href":"https:\/\/api.w.org\/{rel}","templated":true}]}}