




{"id":67,"date":"2015-03-02T04:39:13","date_gmt":"2015-03-02T04:39:13","guid":{"rendered":"https:\/\/structure.thememove.com\/?page_id=67"},"modified":"2022-03-22T08:54:25","modified_gmt":"2022-03-22T07:54:25","slug":"contact","status":"publish","type":"page","link":"https:\/\/metauxexpress.fr\/index.php\/contact\/","title":{"rendered":"Contact"},"content":{"rendered":"<p>[vc_row type=\u00a0\u00bbfull_width\u00a0\u00bb css=\u00a0\u00bb.vc_custom_1433412456582{margin-top: -70px !important;margin-bottom: 80px !important;}\u00a0\u00bb][vc_column][\/vc_column][\/vc_row][vc_row][vc_column width=\u00a0\u00bb4\/6&Prime;][vc_custom_heading text=\u00a0\u00bbCONTACTEZ-NOUS\u00a0\u00bb font_container=\u00a0\u00bbtag:h2|font_size:20|text_align:left\u00a0\u00bb el_class=\u00a0\u00bbheading-title-3&Prime;][vc_column_text]Si vous avez des questions, n\u2019h\u00e9sitez pas \u00e0 nous contacter en remplissant ce formulaire[\/vc_column_text][vc_empty_space height=\u00a0\u00bb30&Prime;]\n<div class=\"wpcf7 no-js\" id=\"wpcf7-f584-o1\" lang=\"en-US\" dir=\"ltr\" data-wpcf7-id=\"584\">\n<div class=\"screen-reader-response\"><p role=\"status\" aria-live=\"polite\" aria-atomic=\"true\"><\/p> <ul><\/ul><\/div>\n<form action=\"\/index.php\/wp-json\/wp\/v2\/pages\/67#wpcf7-f584-o1\" method=\"post\" class=\"wpcf7-form init demo\" aria-label=\"Contact form\" novalidate=\"novalidate\" data-status=\"init\">\n<fieldset class=\"hidden-fields-container\"><input type=\"hidden\" name=\"_wpcf7\" value=\"584\" \/><input type=\"hidden\" name=\"_wpcf7_version\" value=\"6.1.5\" \/><input type=\"hidden\" name=\"_wpcf7_locale\" value=\"en_US\" \/><input type=\"hidden\" name=\"_wpcf7_unit_tag\" value=\"wpcf7-f584-o1\" \/><input type=\"hidden\" name=\"_wpcf7_container_post\" value=\"0\" \/><input type=\"hidden\" name=\"_wpcf7_posted_data_hash\" value=\"\" \/>\n<\/fieldset>\n<div class=\"row\">\n\t<div class=\"col-md-4\">\n\t\t<p><span class=\"wpcf7-form-control-wrap\" data-name=\"your-name\"><input size=\"40\" maxlength=\"400\" class=\"wpcf7-form-control wpcf7-text wpcf7-validates-as-required\" aria-required=\"true\" aria-invalid=\"false\" placeholder=\"Nom et Pr\u00e9nom\" value=\"\" type=\"text\" name=\"your-name\" \/><\/span>\n\t\t<\/p>\n\t<\/div>\n\t<div class=\"col-md-4\">\n\t\t<p><span class=\"wpcf7-form-control-wrap\" data-name=\"your-email\"><input size=\"40\" maxlength=\"400\" class=\"wpcf7-form-control wpcf7-email wpcf7-validates-as-required wpcf7-text wpcf7-validates-as-email\" aria-required=\"true\" aria-invalid=\"false\" placeholder=\"E-mail\" value=\"\" type=\"email\" name=\"your-email\" \/><\/span>\n\t\t<\/p>\n\t<\/div>\n\t<div class=\"col-md-4\">\n\t\t<p><span class=\"wpcf7-form-control-wrap\" data-name=\"your-phone\"><input size=\"40\" maxlength=\"400\" class=\"wpcf7-form-control wpcf7-text wpcf7-validates-as-required\" aria-required=\"true\" aria-invalid=\"false\" placeholder=\"T\u00e9l\u00e9phone\" value=\"\" type=\"text\" name=\"your-phone\" \/><\/span>\n\t\t<\/p>\n\t<\/div>\n\t<div class=\"col-md-12\">\n\t\t<p><span class=\"wpcf7-form-control-wrap\" data-name=\"your-subject\"><input size=\"40\" maxlength=\"400\" class=\"wpcf7-form-control wpcf7-text\" aria-invalid=\"false\" placeholder=\"Sujet\" value=\"\" type=\"text\" name=\"your-subject\" \/><\/span>\n\t\t<\/p>\n\t<\/div>\n\t<div class=\"col-md-12\">\n\t\t<p><span class=\"wpcf7-form-control-wrap\" data-name=\"your-message\"><textarea cols=\"40\" rows=\"10\" maxlength=\"2000\" class=\"wpcf7-form-control wpcf7-textarea\" aria-invalid=\"false\" placeholder=\"Votre message\" name=\"your-message\"><\/textarea><\/span>\n\t\t<\/p>\n\t<\/div>\n\t<div class=\"col-md-12\">\n\t\t<p><input class=\"wpcf7-form-control wpcf7-submit has-spinner\" type=\"submit\" value=\"Envoyer\" \/>\n\t\t<\/p>\n\t<\/div>\n<\/div><p style=\"display: none !important;\" class=\"akismet-fields-container\" data-prefix=\"_wpcf7_ak_\"><label>&#916;<textarea name=\"_wpcf7_ak_hp_textarea\" cols=\"45\" rows=\"8\" maxlength=\"100\"><\/textarea><\/label><input type=\"hidden\" id=\"ak_js_1\" name=\"_wpcf7_ak_js\" value=\"17\"\/><script>document.getElementById( \"ak_js_1\" ).setAttribute( \"value\", ( new Date() ).getTime() );<\/script><\/p><div class=\"wpcf7-response-output\" aria-hidden=\"true\"><\/div>\n<\/form>\n<\/div>\n[vc_empty_space height=\u00a0\u00bb30&Prime;][\/vc_column][vc_column width=\u00a0\u00bb2\/6&Prime;][vc_row_inner css=\u00a0\u00bb.vc_custom_1433413594838{margin-bottom: 40px !important;}\u00a0\u00bb][vc_column_inner][vc_custom_heading text=\u00a0\u00bbCONTACT\u00a0\u00bb font_container=\u00a0\u00bbtag:h2|font_size:20|text_align:left\u00a0\u00bb el_class=\u00a0\u00bbheading-title-3&Prime;][vc_column_text]<\/p>\n<div class=\"contact-info\">\n<p><i class=\"fas fa-user\"><\/i> Mme ROUBLIC C\u00e9line<br \/>\n<i class=\"fas fa-portrait\"><\/i> Commerciale itin\u00e9rante<br \/>\n<i class=\"fa fa-phone\"><\/i> 06 88 24 56 53<\/p>\n<p><i class=\"fas fa-user\"><\/i> Mr JANSSEN David<br \/>\n<i class=\"fas fa-portrait\"><\/i> Commercial d\u2019agence<br \/>\n<i class=\"fa fa-phone\"><\/i> 06 70 00 70 92<\/p>\n<p><i class=\"fas fa-at\"><\/i> <b>contact@metauxexpress.com<\/b><\/p>\n<\/div>\n<p>[\/vc_column_text][\/vc_column_inner][\/vc_row_inner][\/vc_column][\/vc_row]<\/p>\n","protected":false},"excerpt":{"rendered":"<p>[vc_row type=\u00a0\u00bbfull_width\u00a0\u00bb css=\u00a0\u00bb.vc_custom_1433412456582{margin-top: -70px !important;margin-bottom: 80px !important;}\u00a0\u00bb][vc_column][\/vc_column][\/vc_row][vc_row][vc_column width=\u00a0\u00bb4\/6&Prime;][vc_custom_heading text=\u00a0\u00bbCONTACTEZ-NOUS\u00a0\u00bb font_container=\u00a0\u00bbtag:h2|font_size:20|text_align:left\u00a0\u00bb el_class=\u00a0\u00bbheading-title-3&Prime;][vc_column_text]Si vous avez des questions, n\u2019h\u00e9sitez pas \u00e0 nous contacter en remplissant ce formulaire[\/vc_column_text][vc_empty_space height=\u00a0\u00bb30&Prime;][vc_empty_space height=\u00a0\u00bb30&Prime;][\/vc_column][vc_column width=\u00a0\u00bb2\/6&Prime;][vc_row_inner css=\u00a0\u00bb.vc_custom_1433413594838{margin-bottom: 40px !important;}\u00a0\u00bb][vc_column_inner][vc_custom_heading text=\u00a0\u00bbCONTACT\u00a0\u00bb font_container=\u00a0\u00bbtag:h2|font_size:20|text_align:left\u00a0\u00bb el_class=\u00a0\u00bbheading-title-3&Prime;][vc_column_text] Mme ROUBLIC C\u00e9line Commerciale itin\u00e9rante 06 88 24 56 53 Mr JANSSEN David Commercial d\u2019agence 06 70 00 70 92 contact@metauxexpress.com [\/vc_column_text][\/vc_column_inner][\/vc_row_inner][\/vc_column][\/vc_row]<\/p>\n","protected":false},"author":1,"featured_media":0,"parent":0,"menu_order":0,"comment_status":"closed","ping_status":"closed","template":"","meta":{"footnotes":""},"class_list":["post-67","page","type-page","status-publish","hentry"],"yoast_head":"<!-- This site is optimized with the Yoast SEO plugin v27.3 - https:\/\/yoast.com\/product\/yoast-seo-wordpress\/ -->\n<title>Contact - M\u00e9taux express<\/title>\n<meta name=\"description\" content=\"Pour tous vos besoins en galvanisation en haut de France, r\u00e9gions Nord-Pas-de-Calais, Picardie et Paris, n&#039;h\u00e9sitez pas \u00e0 contacter l&#039;\u00e9quipe comp\u00e9tente et professionnelle de M\u00e9taux express.\" \/>\n<meta name=\"robots\" content=\"index, follow, max-snippet:-1, max-image-preview:large, max-video-preview:-1\" \/>\n<link rel=\"canonical\" href=\"https:\/\/metauxexpress.fr\/index.php\/contact\/\" \/>\n<meta property=\"og:locale\" content=\"fr_FR\" \/>\n<meta property=\"og:type\" content=\"article\" \/>\n<meta property=\"og:title\" content=\"Contact - M\u00e9taux express\" \/>\n<meta property=\"og:description\" content=\"Pour tous vos besoins en galvanisation en haut de France, r\u00e9gions Nord-Pas-de-Calais, Picardie et Paris, n&#039;h\u00e9sitez pas \u00e0 contacter l&#039;\u00e9quipe comp\u00e9tente et professionnelle de M\u00e9taux express.\" \/>\n<meta property=\"og:url\" content=\"https:\/\/metauxexpress.fr\/index.php\/contact\/\" \/>\n<meta property=\"og:site_name\" content=\"M\u00e9taux express\" \/>\n<meta property=\"article:modified_time\" content=\"2022-03-22T07:54:25+00:00\" \/>\n<meta name=\"twitter:card\" content=\"summary_large_image\" \/>\n<meta name=\"twitter:label1\" content=\"Dur\u00e9e de lecture estim\u00e9e\" \/>\n\t<meta name=\"twitter:data1\" content=\"1 minute\" \/>\n<script type=\"application\/ld+json\" class=\"yoast-schema-graph\">{\"@context\":\"https:\\\/\\\/schema.org\",\"@graph\":[{\"@type\":\"WebPage\",\"@id\":\"https:\\\/\\\/metauxexpress.fr\\\/index.php\\\/contact\\\/\",\"url\":\"https:\\\/\\\/metauxexpress.fr\\\/index.php\\\/contact\\\/\",\"name\":\"Contact - M\u00e9taux express\",\"isPartOf\":{\"@id\":\"https:\\\/\\\/metauxexpress.fr\\\/#website\"},\"datePublished\":\"2015-03-02T04:39:13+00:00\",\"dateModified\":\"2022-03-22T07:54:25+00:00\",\"description\":\"Pour tous vos besoins en galvanisation en haut de France, r\u00e9gions Nord-Pas-de-Calais, Picardie et Paris, n'h\u00e9sitez pas \u00e0 contacter l'\u00e9quipe comp\u00e9tente et professionnelle de M\u00e9taux express.\",\"breadcrumb\":{\"@id\":\"https:\\\/\\\/metauxexpress.fr\\\/index.php\\\/contact\\\/#breadcrumb\"},\"inLanguage\":\"fr-FR\",\"potentialAction\":[{\"@type\":\"ReadAction\",\"target\":[\"https:\\\/\\\/metauxexpress.fr\\\/index.php\\\/contact\\\/\"]}]},{\"@type\":\"BreadcrumbList\",\"@id\":\"https:\\\/\\\/metauxexpress.fr\\\/index.php\\\/contact\\\/#breadcrumb\",\"itemListElement\":[{\"@type\":\"ListItem\",\"position\":1,\"name\":\"Accueil\",\"item\":\"https:\\\/\\\/metauxexpress.fr\\\/\"},{\"@type\":\"ListItem\",\"position\":2,\"name\":\"Contact\"}]},{\"@type\":\"WebSite\",\"@id\":\"https:\\\/\\\/metauxexpress.fr\\\/#website\",\"url\":\"https:\\\/\\\/metauxexpress.fr\\\/\",\"name\":\"M\u00e9taux express\",\"description\":\"Galvanisation et Transport de Marchandises\",\"potentialAction\":[{\"@type\":\"SearchAction\",\"target\":{\"@type\":\"EntryPoint\",\"urlTemplate\":\"https:\\\/\\\/metauxexpress.fr\\\/?s={search_term_string}\"},\"query-input\":{\"@type\":\"PropertyValueSpecification\",\"valueRequired\":true,\"valueName\":\"search_term_string\"}}],\"inLanguage\":\"fr-FR\"}]}<\/script>\n<!-- \/ Yoast SEO plugin. -->","yoast_head_json":{"title":"Contact - M\u00e9taux express","description":"Pour tous vos besoins en galvanisation en haut de France, r\u00e9gions Nord-Pas-de-Calais, Picardie et Paris, n'h\u00e9sitez pas \u00e0 contacter l'\u00e9quipe comp\u00e9tente et professionnelle de M\u00e9taux express.","robots":{"index":"index","follow":"follow","max-snippet":"max-snippet:-1","max-image-preview":"max-image-preview:large","max-video-preview":"max-video-preview:-1"},"canonical":"https:\/\/metauxexpress.fr\/index.php\/contact\/","og_locale":"fr_FR","og_type":"article","og_title":"Contact - M\u00e9taux express","og_description":"Pour tous vos besoins en galvanisation en haut de France, r\u00e9gions Nord-Pas-de-Calais, Picardie et Paris, n'h\u00e9sitez pas \u00e0 contacter l'\u00e9quipe comp\u00e9tente et professionnelle de M\u00e9taux express.","og_url":"https:\/\/metauxexpress.fr\/index.php\/contact\/","og_site_name":"M\u00e9taux express","article_modified_time":"2022-03-22T07:54:25+00:00","twitter_card":"summary_large_image","twitter_misc":{"Dur\u00e9e de lecture estim\u00e9e":"1 minute"},"schema":{"@context":"https:\/\/schema.org","@graph":[{"@type":"WebPage","@id":"https:\/\/metauxexpress.fr\/index.php\/contact\/","url":"https:\/\/metauxexpress.fr\/index.php\/contact\/","name":"Contact - M\u00e9taux express","isPartOf":{"@id":"https:\/\/metauxexpress.fr\/#website"},"datePublished":"2015-03-02T04:39:13+00:00","dateModified":"2022-03-22T07:54:25+00:00","description":"Pour tous vos besoins en galvanisation en haut de France, r\u00e9gions Nord-Pas-de-Calais, Picardie et Paris, n'h\u00e9sitez pas \u00e0 contacter l'\u00e9quipe comp\u00e9tente et professionnelle de M\u00e9taux express.","breadcrumb":{"@id":"https:\/\/metauxexpress.fr\/index.php\/contact\/#breadcrumb"},"inLanguage":"fr-FR","potentialAction":[{"@type":"ReadAction","target":["https:\/\/metauxexpress.fr\/index.php\/contact\/"]}]},{"@type":"BreadcrumbList","@id":"https:\/\/metauxexpress.fr\/index.php\/contact\/#breadcrumb","itemListElement":[{"@type":"ListItem","position":1,"name":"Accueil","item":"https:\/\/metauxexpress.fr\/"},{"@type":"ListItem","position":2,"name":"Contact"}]},{"@type":"WebSite","@id":"https:\/\/metauxexpress.fr\/#website","url":"https:\/\/metauxexpress.fr\/","name":"M\u00e9taux express","description":"Galvanisation et Transport de Marchandises","potentialAction":[{"@type":"SearchAction","target":{"@type":"EntryPoint","urlTemplate":"https:\/\/metauxexpress.fr\/?s={search_term_string}"},"query-input":{"@type":"PropertyValueSpecification","valueRequired":true,"valueName":"search_term_string"}}],"inLanguage":"fr-FR"}]}},"_links":{"self":[{"href":"https:\/\/metauxexpress.fr\/index.php\/wp-json\/wp\/v2\/pages\/67","targetHints":{"allow":["GET"]}}],"collection":[{"href":"https:\/\/metauxexpress.fr\/index.php\/wp-json\/wp\/v2\/pages"}],"about":[{"href":"https:\/\/metauxexpress.fr\/index.php\/wp-json\/wp\/v2\/types\/page"}],"author":[{"embeddable":true,"href":"https:\/\/metauxexpress.fr\/index.php\/wp-json\/wp\/v2\/users\/1"}],"replies":[{"embeddable":true,"href":"https:\/\/metauxexpress.fr\/index.php\/wp-json\/wp\/v2\/comments?post=67"}],"version-history":[{"count":17,"href":"https:\/\/metauxexpress.fr\/index.php\/wp-json\/wp\/v2\/pages\/67\/revisions"}],"predecessor-version":[{"id":75914,"href":"https:\/\/metauxexpress.fr\/index.php\/wp-json\/wp\/v2\/pages\/67\/revisions\/75914"}],"wp:attachment":[{"href":"https:\/\/metauxexpress.fr\/index.php\/wp-json\/wp\/v2\/media?parent=67"}],"curies":[{"name":"wp","href":"https:\/\/api.w.org\/{rel}","templated":true}]}}